{"id":82,"date":"2023-10-09T18:05:16","date_gmt":"2023-10-09T18:05:16","guid":{"rendered":"https:\/\/kusch-walter-tiefbau.de\/kw\/?page_id=82"},"modified":"2023-11-05T15:11:04","modified_gmt":"2023-11-05T15:11:04","slug":"datenschutz","status":"publish","type":"page","link":"https:\/\/kusch-walter-tiefbau.de\/kw\/index.php\/datenschutz\/","title":{"rendered":"Datenschutz"},"content":{"rendered":"\n<h2 class=\"wp-block-heading has-text-align-center has-background\" style=\"background-color:#2369e0\">Datenschutz<\/h2>\n\n\n<div class=\"entry-content\">\n<p><strong><u>Datenschutzerkl\u00e4rung:<\/u><\/strong><\/p>\n<p><strong>Verantwortliche Stelle<\/strong><\/p>\n<p>Verantwortliche Stelle f\u00fcr die Erhebung, Verarbeitung und Nutzung Ihrer personenbezogenen Daten im Sinne des Bundesdatenschutzgesetzes (BDSG) ist<\/p>\n<p>Frank Walter, Kusch &amp; Walter Tiefbau GmbH, Sommerfelder Stra\u00dfe 4, 04451 Borsdorf \/ OT Panitzsch<\/p>\n<p>Sofern Sie der Erhebung, Verarbeitung oder Nutzung Ihrer Daten durch Frank Walter, Kusch &amp; Walter Tiefbau GmbH gem\u00e4\u00df den datenschutzrechtlichen Bestimmungen insgesamt oder f\u00fcr einzelne Ma\u00dfnahmen widersprechen m\u00f6chten, richten Sie Ihren Widerspruch per Brief an folgende Kontaktdaten:<\/p>\n<p>Frank Walter, Kusch &amp; Walter Tiefbau GmbH,Sommerfelder Stra\u00dfe 4, 04451 Borsdorf \/ OT Panitzsch<\/p>\n<p>Wir legen gr\u00f6\u00dften Wert auf den Schutz Ihrer Daten und die Wahrung Ihrer Privatsph\u00e4re. Nachstehend informieren wir Sie deshalb \u00fcber die Erhebung und Verwendung pers\u00f6nlicher Daten bei Nutzung unserer Webseite.<\/p>\n<p>\u00a0<\/p>\n<p><strong>Erheben, Speichern und Verwenden personenbezogener Daten<\/strong><\/p>\n<p>Bei dem Besuch unserer Website erheben, verwenden und speichern wir Ihre personenbezogenen Daten. Personenbezogene Daten sind nach \u00a7 3 Abs. 1 BDSG Einzelangaben \u00fcber pers\u00f6nliche oder sachliche Verh\u00e4ltnisse einer bestimmten oder bestimmbaren nat\u00fcrlichen Person (Betroffener).<\/p>\n<p>\u00a0<\/p>\n<p><strong>Datenerhebung unter strenger Beachtung der Gesetze<\/strong><\/p>\n<p>Bei der Erhebung, dem Verwenden und Speichern von personenbezogenen Daten beachten wir die Vorschriften des Bundesdatenschutzgesetzes, des Telemediengesetzes und ggf. weiterer anwendbarer Datenschutzbestimmungen. Alle Kundendaten werden unter Beachtung der einschl\u00e4gigen Vorschriften des Bundesdatenschutzgesetzes (BDSG) und des Telemediengesetzes (TMG) von uns gespeichert und verarbeitet.<\/p>\n<p><strong>Google-Analytics<\/strong><\/p>\n<p>Diese Website benutzt Google Analytics, einen Webanalysedienst der Google Inc. (\u201eGoogle\u201c). Google Analytics verwendet sog. \u201eCookies\u201c, Textdateien, die auf Ihrem Computer gespeichert werden und die eine Analyse der Benutzung der Website durch Sie erm\u00f6glichen. Die durch den Cookie erzeugten Informationen \u00fcber Ihre Benutzung dieser Website werden in der Regel an einen Server von Google in den USA \u00fcbertragen und dort gespeichert.<br \/>Im Falle der Aktivierung der IP-Anonymisierung auf dieser Webseite wird Ihre IP-Adresse von Google jedoch innerhalb von Mitgliedstaaten der Europ\u00e4ischen Union oder in anderen Vertragsstaaten des Abkommens \u00fcber den Europ\u00e4ischen Wirtschaftsraum zuvor gek\u00fcrzt. Nur in Ausnahmef\u00e4llen wird die volle IP-Adresse an einen Server von Google in den USA \u00fcbertragen und dort gek\u00fcrzt. Die IP-Anonymisierung ist auf dieser Website aktiv. Im Auftrag des Betreibers dieser Website wird Google diese Informationen benutzen, um Ihre Nutzung der Website auszuwerten, um Reports \u00fcber die Websiteaktivit\u00e4ten zusammenzustellen und um weitere mit der Websitenutzung und der Internetnutzung verbundene Dienstleistungen gegen\u00fcber dem Websitebetreiber zu erbringen.<br \/>Die im Rahmen von Google Analytics von Ihrem Browser \u00fcbermittelte IP-Adresse wird nicht mit anderen Daten von Google zusammengef\u00fchrt. Sie k\u00f6nnen die Speicherung der Cookies durch eine entsprechende Einstellung Ihrer Browser-Software verhindern; wir weisen Sie jedoch darauf hin, dass Sie in diesem Fall gegebenenfalls nicht s\u00e4mtliche Funktionen dieser Website vollumf\u00e4nglich werden nutzen k\u00f6nnen. Sie k\u00f6nnen dar\u00fcber hinaus die Erfassung der durch das Cookie erzeugten und auf Ihre Nutzung der Website bezogenen Daten (inkl. Ihrer IP-Adresse) an Google sowie die Verarbeitung dieser Daten durch Google verhindern, indem Sie das unter dem folgenden Link verf\u00fcgbare Browser-Plugin herunterladen und installieren: <a href=\"https:\/\/web.archive.org\/web\/20221204094158\/http:\/\/tools.google.com\/dlpage\/gaoptout?hl=de\">http:\/\/tools.google.com\/dlpage\/gaoptout?hl=de<\/a><\/p>\n<p><strong>Auskunft<\/strong><\/p>\n<p>Sie haben jederzeit das Recht auf unentgeltliche Auskunft \u00fcber Ihre gespeicherten Daten sowie das Recht auf Berichtigung, L\u00f6schung bzw. Sperrung. Wenden Sie sich hierzu bitte an die im Impressum angegebene Kontaktadresse. Wir stehen Ihnen jederzeit gern f\u00fcr weitergehende Fragen zu unseren Hinweisen zum Datenschutz und zur Verarbeitung Ihrer pers\u00f6nlichen Daten zur Verf\u00fcgung.<\/p>\n<\/div>","protected":false},"excerpt":{"rendered":"<p>Datenschutz Datenschutzerkl\u00e4rung: Verantwortliche Stelle Verantwortliche Stelle f\u00fcr die Erhebung, Verarbeitung und Nutzung Ihrer personenbezogenen Daten im Sinne des Bundesdatenschutzgesetzes (BDSG) ist Frank Walter, Kusch &amp; Walter Tiefbau GmbH, Sommerfelder Stra\u00dfe 4, 04451 Borsdorf \/ OT Panitzsch Sofern Sie der Erhebung, Verarbeitung oder Nutzung Ihrer Daten durch Frank Walter, Kusch &amp; Walter Tiefbau GmbH gem\u00e4\u00df den [&hellip;]<\/p>\n","protected":false},"author":1,"featured_media":0,"parent":0,"menu_order":0,"comment_status":"closed","ping_status":"closed","template":"","meta":{"footnotes":""},"class_list":["post-82","page","type-page","status-publish","hentry"],"yoast_head":"<!-- This site is optimized with the Yoast SEO plugin v21.5 - https:\/\/yoast.com\/wordpress\/plugins\/seo\/ -->\n<title>Datenschutz - Kusch Walter Tiefbau GmbH<\/title>\n<meta name=\"robots\" content=\"index, follow, max-snippet:-1, max-image-preview:large, max-video-preview:-1\" \/>\n<link rel=\"canonical\" href=\"https:\/\/kusch-walter-tiefbau.de\/kw\/index.php\/datenschutz\/\" \/>\n<meta property=\"og:locale\" content=\"de_DE\" \/>\n<meta property=\"og:type\" content=\"article\" \/>\n<meta property=\"og:title\" content=\"Datenschutz - Kusch Walter Tiefbau GmbH\" \/>\n<meta property=\"og:description\" content=\"Datenschutz Datenschutzerkl\u00e4rung: Verantwortliche Stelle Verantwortliche Stelle f\u00fcr die Erhebung, Verarbeitung und Nutzung Ihrer personenbezogenen Daten im Sinne des Bundesdatenschutzgesetzes (BDSG) ist Frank Walter, Kusch &amp; Walter Tiefbau GmbH, Sommerfelder Stra\u00dfe 4, 04451 Borsdorf \/ OT Panitzsch Sofern Sie der Erhebung, Verarbeitung oder Nutzung Ihrer Daten durch Frank Walter, Kusch &amp; Walter Tiefbau GmbH gem\u00e4\u00df den [&hellip;]\" \/>\n<meta property=\"og:url\" content=\"https:\/\/kusch-walter-tiefbau.de\/kw\/index.php\/datenschutz\/\" \/>\n<meta property=\"og:site_name\" content=\"Kusch Walter Tiefbau GmbH\" \/>\n<meta property=\"article:modified_time\" content=\"2023-11-05T15:11:04+00:00\" \/>\n<meta name=\"twitter:card\" content=\"summary_large_image\" \/>\n<meta name=\"twitter:label1\" content=\"Gesch\u00e4tzte Lesezeit\" \/>\n\t<meta name=\"twitter:data1\" content=\"3\u00a0Minuten\" \/>\n<script type=\"application\/ld+json\" class=\"yoast-schema-graph\">{\"@context\":\"https:\/\/schema.org\",\"@graph\":[{\"@type\":\"WebPage\",\"@id\":\"https:\/\/kusch-walter-tiefbau.de\/kw\/index.php\/datenschutz\/\",\"url\":\"https:\/\/kusch-walter-tiefbau.de\/kw\/index.php\/datenschutz\/\",\"name\":\"Datenschutz - Kusch Walter Tiefbau GmbH\",\"isPartOf\":{\"@id\":\"https:\/\/kusch-walter-tiefbau.de\/kw\/#website\"},\"datePublished\":\"2023-10-09T18:05:16+00:00\",\"dateModified\":\"2023-11-05T15:11:04+00:00\",\"breadcrumb\":{\"@id\":\"https:\/\/kusch-walter-tiefbau.de\/kw\/index.php\/datenschutz\/#breadcrumb\"},\"inLanguage\":\"de\",\"potentialAction\":[{\"@type\":\"ReadAction\",\"target\":[\"https:\/\/kusch-walter-tiefbau.de\/kw\/index.php\/datenschutz\/\"]}]},{\"@type\":\"BreadcrumbList\",\"@id\":\"https:\/\/kusch-walter-tiefbau.de\/kw\/index.php\/datenschutz\/#breadcrumb\",\"itemListElement\":[{\"@type\":\"ListItem\",\"position\":1,\"name\":\"Startseite\",\"item\":\"https:\/\/kusch-walter-tiefbau.de\/kw\/\"},{\"@type\":\"ListItem\",\"position\":2,\"name\":\"Datenschutz\"}]},{\"@type\":\"WebSite\",\"@id\":\"https:\/\/kusch-walter-tiefbau.de\/kw\/#website\",\"url\":\"https:\/\/kusch-walter-tiefbau.de\/kw\/\",\"name\":\"Kusch Walter Tiefbau GmbH\",\"description\":\"Kabelmontagen und Elektroinstallation\",\"publisher\":{\"@id\":\"https:\/\/kusch-walter-tiefbau.de\/kw\/#organization\"},\"potentialAction\":[{\"@type\":\"SearchAction\",\"target\":{\"@type\":\"EntryPoint\",\"urlTemplate\":\"https:\/\/kusch-walter-tiefbau.de\/kw\/?s={search_term_string}\"},\"query-input\":\"required name=search_term_string\"}],\"inLanguage\":\"de\"},{\"@type\":\"Organization\",\"@id\":\"https:\/\/kusch-walter-tiefbau.de\/kw\/#organization\",\"name\":\"Kusch Walter Tiefbau GmbH\",\"url\":\"https:\/\/kusch-walter-tiefbau.de\/kw\/\",\"logo\":{\"@type\":\"ImageObject\",\"inLanguage\":\"de\",\"@id\":\"https:\/\/kusch-walter-tiefbau.de\/kw\/#\/schema\/logo\/image\/\",\"url\":\"https:\/\/kusch-walter-tiefbau.de\/kw\/wp-content\/uploads\/2023\/10\/cropped-logo_new_3-2.png\",\"contentUrl\":\"https:\/\/kusch-walter-tiefbau.de\/kw\/wp-content\/uploads\/2023\/10\/cropped-logo_new_3-2.png\",\"width\":210,\"height\":112,\"caption\":\"Kusch Walter Tiefbau GmbH\"},\"image\":{\"@id\":\"https:\/\/kusch-walter-tiefbau.de\/kw\/#\/schema\/logo\/image\/\"}}]}<\/script>\n<!-- \/ Yoast SEO plugin. -->","yoast_head_json":{"title":"Datenschutz - Kusch Walter Tiefbau GmbH","robots":{"index":"index","follow":"follow","max-snippet":"max-snippet:-1","max-image-preview":"max-image-preview:large","max-video-preview":"max-video-preview:-1"},"canonical":"https:\/\/kusch-walter-tiefbau.de\/kw\/index.php\/datenschutz\/","og_locale":"de_DE","og_type":"article","og_title":"Datenschutz - Kusch Walter Tiefbau GmbH","og_description":"Datenschutz Datenschutzerkl\u00e4rung: Verantwortliche Stelle Verantwortliche Stelle f\u00fcr die Erhebung, Verarbeitung und Nutzung Ihrer personenbezogenen Daten im Sinne des Bundesdatenschutzgesetzes (BDSG) ist Frank Walter, Kusch &amp; Walter Tiefbau GmbH, Sommerfelder Stra\u00dfe 4, 04451 Borsdorf \/ OT Panitzsch Sofern Sie der Erhebung, Verarbeitung oder Nutzung Ihrer Daten durch Frank Walter, Kusch &amp; Walter Tiefbau GmbH gem\u00e4\u00df den [&hellip;]","og_url":"https:\/\/kusch-walter-tiefbau.de\/kw\/index.php\/datenschutz\/","og_site_name":"Kusch Walter Tiefbau GmbH","article_modified_time":"2023-11-05T15:11:04+00:00","twitter_card":"summary_large_image","twitter_misc":{"Gesch\u00e4tzte Lesezeit":"3\u00a0Minuten"},"schema":{"@context":"https:\/\/schema.org","@graph":[{"@type":"WebPage","@id":"https:\/\/kusch-walter-tiefbau.de\/kw\/index.php\/datenschutz\/","url":"https:\/\/kusch-walter-tiefbau.de\/kw\/index.php\/datenschutz\/","name":"Datenschutz - Kusch Walter Tiefbau GmbH","isPartOf":{"@id":"https:\/\/kusch-walter-tiefbau.de\/kw\/#website"},"datePublished":"2023-10-09T18:05:16+00:00","dateModified":"2023-11-05T15:11:04+00:00","breadcrumb":{"@id":"https:\/\/kusch-walter-tiefbau.de\/kw\/index.php\/datenschutz\/#breadcrumb"},"inLanguage":"de","potentialAction":[{"@type":"ReadAction","target":["https:\/\/kusch-walter-tiefbau.de\/kw\/index.php\/datenschutz\/"]}]},{"@type":"BreadcrumbList","@id":"https:\/\/kusch-walter-tiefbau.de\/kw\/index.php\/datenschutz\/#breadcrumb","itemListElement":[{"@type":"ListItem","position":1,"name":"Startseite","item":"https:\/\/kusch-walter-tiefbau.de\/kw\/"},{"@type":"ListItem","position":2,"name":"Datenschutz"}]},{"@type":"WebSite","@id":"https:\/\/kusch-walter-tiefbau.de\/kw\/#website","url":"https:\/\/kusch-walter-tiefbau.de\/kw\/","name":"Kusch Walter Tiefbau GmbH","description":"Kabelmontagen und Elektroinstallation","publisher":{"@id":"https:\/\/kusch-walter-tiefbau.de\/kw\/#organization"},"potentialAction":[{"@type":"SearchAction","target":{"@type":"EntryPoint","urlTemplate":"https:\/\/kusch-walter-tiefbau.de\/kw\/?s={search_term_string}"},"query-input":"required name=search_term_string"}],"inLanguage":"de"},{"@type":"Organization","@id":"https:\/\/kusch-walter-tiefbau.de\/kw\/#organization","name":"Kusch Walter Tiefbau GmbH","url":"https:\/\/kusch-walter-tiefbau.de\/kw\/","logo":{"@type":"ImageObject","inLanguage":"de","@id":"https:\/\/kusch-walter-tiefbau.de\/kw\/#\/schema\/logo\/image\/","url":"https:\/\/kusch-walter-tiefbau.de\/kw\/wp-content\/uploads\/2023\/10\/cropped-logo_new_3-2.png","contentUrl":"https:\/\/kusch-walter-tiefbau.de\/kw\/wp-content\/uploads\/2023\/10\/cropped-logo_new_3-2.png","width":210,"height":112,"caption":"Kusch Walter Tiefbau GmbH"},"image":{"@id":"https:\/\/kusch-walter-tiefbau.de\/kw\/#\/schema\/logo\/image\/"}}]}},"_links":{"self":[{"href":"https:\/\/kusch-walter-tiefbau.de\/kw\/index.php\/wp-json\/wp\/v2\/pages\/82","targetHints":{"allow":["GET"]}}],"collection":[{"href":"https:\/\/kusch-walter-tiefbau.de\/kw\/index.php\/wp-json\/wp\/v2\/pages"}],"about":[{"href":"https:\/\/kusch-walter-tiefbau.de\/kw\/index.php\/wp-json\/wp\/v2\/types\/page"}],"author":[{"embeddable":true,"href":"https:\/\/kusch-walter-tiefbau.de\/kw\/index.php\/wp-json\/wp\/v2\/users\/1"}],"replies":[{"embeddable":true,"href":"https:\/\/kusch-walter-tiefbau.de\/kw\/index.php\/wp-json\/wp\/v2\/comments?post=82"}],"version-history":[{"count":4,"href":"https:\/\/kusch-walter-tiefbau.de\/kw\/index.php\/wp-json\/wp\/v2\/pages\/82\/revisions"}],"predecessor-version":[{"id":546,"href":"https:\/\/kusch-walter-tiefbau.de\/kw\/index.php\/wp-json\/wp\/v2\/pages\/82\/revisions\/546"}],"wp:attachment":[{"href":"https:\/\/kusch-walter-tiefbau.de\/kw\/index.php\/wp-json\/wp\/v2\/media?parent=82"}],"curies":[{"name":"wp","href":"https:\/\/api.w.org\/{rel}","templated":true}]}}