{"id":81,"date":"2023-10-09T18:05:16","date_gmt":"2023-10-09T18:05:16","guid":{"rendered":"https:\/\/kusch-walter-tiefbau.de\/kw\/?page_id=81"},"modified":"2023-11-05T15:09:33","modified_gmt":"2023-11-05T15:09:33","slug":"impressum","status":"publish","type":"page","link":"https:\/\/kusch-walter-tiefbau.de\/kw\/index.php\/impressum\/","title":{"rendered":"Impressum"},"content":{"rendered":"\n<h2 class=\"wp-block-heading has-text-align-center has-background\" style=\"background-color:#2369e0\">Impressum<\/h2>\n\n\n<p><strong>Kusch &amp; Walter Tiefbau GmbH<\/strong> <br \/>Sommerfelder Stra\u00dfe 4 04451 Borsdorf \/ OT Panitzsch <br \/>Tel.: 034291 86475 <br \/>Fax: 034291 44506 <br \/>E-Mail: info@kusch-walter-tiefbau.de <br \/>Gesch\u00e4ftsf\u00fchrer: Frank Walter <br \/><br \/>Sitz der Gesellschaft: Leipzig eingetragen am Amtsgericht Leipzig, HRB-Nr.: 3953 <br \/>Umsatzsteuer-Identifikationsnummer: DE253483693 <br \/><br \/><strong>HAFTUNG F\u00dcR INHALTE<\/strong> <br \/>Die Inhalte unserer Seiten wurden mit gr\u00f6\u00dfter Sorgfalt erstellt. F\u00fcr die Richtigkeit, Vollst\u00e4ndigkeit und Aktualit\u00e4t der Inhalte k\u00f6nnen wir jedoch keine Gew\u00e4hr \u00fcbernehmen. Als Diensteanbieter sind wir gem\u00e4\u00df \u00a7 7 Abs.1 TMG f\u00fcr eigene Inhalte auf diesen Seiten nach den allgemeinen Gesetzen verantwortlich. Nach \u00a7\u00a7 8 bis 10 TMG sind wir als Diensteanbieter jedoch nicht verpflichtet, \u00fcbermittelte oder gespeicherte fremde Informationen zu \u00fcberwachen oder nach Umst\u00e4nden zu forschen, die auf eine rechtswidrige T\u00e4tigkeit hinweisen. Verpflichtungen zur Entfernung oder Sperrung der Nutzung von Informationen nach den allgemeinen Gesetzen bleiben hiervon unber\u00fchrt. Eine diesbez\u00fcgliche Haftung ist jedoch erst ab dem Zeitpunkt der Kenntnis einer konkreten Rechtsverletzung m\u00f6glich. Bei Bekanntwerden von entsprechenden Rechtsverletzungen werden wir diese Inhalte umgehend entfernen. <br \/><br \/><strong>HAFTUNG F\u00dcR LINKS<\/strong> Unser Angebot enth\u00e4lt unter Umst\u00e4nden Links zu externen Webseiten Dritter, auf deren Inhalte wir keinen Einfluss haben. Deshalb k\u00f6nnen wir f\u00fcr diese fremden Inhalte auch keine Gew\u00e4hr \u00fcbernehmen. F\u00fcr die Inhalte der verlinkten Seiten ist stets der jeweilige Anbieter oder Betreiber der Seiten verantwortlich. Die verlinkten Seiten wurden zum Zeitpunkt der Verlinkung auf m\u00f6gliche Rechtsverst\u00f6\u00dfe \u00fcberpr\u00fcft. Rechtswidrige Inhalte waren zum Zeitpunkt der Verlinkung nicht erkennbar. Eine permanente inhaltliche Kontrolle der verlinkten Seiten ist jedoch ohne konkrete Anhaltspunkte einer Rechtsverletzung nicht zumutbar. Bei Bekanntwerden von Rechtsverletzungen werden wir derartige Links umgehend entfernen.<\/p>\n\n\n<p><\/p>\n","protected":false},"excerpt":{"rendered":"<p>Impressum Kusch &amp; Walter Tiefbau GmbH Sommerfelder Stra\u00dfe 4 04451 Borsdorf \/ OT Panitzsch Tel.: 034291 86475 Fax: 034291 44506 E-Mail: info@kusch-walter-tiefbau.de Gesch\u00e4ftsf\u00fchrer: Frank Walter Sitz der Gesellschaft: Leipzig eingetragen am Amtsgericht Leipzig, HRB-Nr.: 3953 Umsatzsteuer-Identifikationsnummer: DE253483693 HAFTUNG F\u00dcR INHALTE Die Inhalte unserer Seiten wurden mit gr\u00f6\u00dfter Sorgfalt erstellt. F\u00fcr die Richtigkeit, Vollst\u00e4ndigkeit und Aktualit\u00e4t [&hellip;]<\/p>\n","protected":false},"author":1,"featured_media":0,"parent":0,"menu_order":0,"comment_status":"closed","ping_status":"closed","template":"","meta":{"footnotes":""},"class_list":["post-81","page","type-page","status-publish","hentry"],"yoast_head":"<!-- This site is optimized with the Yoast SEO plugin v21.5 - https:\/\/yoast.com\/wordpress\/plugins\/seo\/ -->\n<title>Impressum - Kusch Walter Tiefbau GmbH<\/title>\n<meta name=\"robots\" content=\"index, follow, max-snippet:-1, max-image-preview:large, max-video-preview:-1\" \/>\n<link rel=\"canonical\" href=\"https:\/\/kusch-walter-tiefbau.de\/kw\/index.php\/impressum\/\" \/>\n<meta property=\"og:locale\" content=\"de_DE\" \/>\n<meta property=\"og:type\" content=\"article\" \/>\n<meta property=\"og:title\" content=\"Impressum - Kusch Walter Tiefbau GmbH\" \/>\n<meta property=\"og:description\" content=\"Impressum Kusch &amp; Walter Tiefbau GmbH Sommerfelder Stra\u00dfe 4 04451 Borsdorf \/ OT Panitzsch Tel.: 034291 86475 Fax: 034291 44506 E-Mail: info@kusch-walter-tiefbau.de Gesch\u00e4ftsf\u00fchrer: Frank Walter Sitz der Gesellschaft: Leipzig eingetragen am Amtsgericht Leipzig, HRB-Nr.: 3953 Umsatzsteuer-Identifikationsnummer: DE253483693 HAFTUNG F\u00dcR INHALTE Die Inhalte unserer Seiten wurden mit gr\u00f6\u00dfter Sorgfalt erstellt. F\u00fcr die Richtigkeit, Vollst\u00e4ndigkeit und Aktualit\u00e4t [&hellip;]\" \/>\n<meta property=\"og:url\" content=\"https:\/\/kusch-walter-tiefbau.de\/kw\/index.php\/impressum\/\" \/>\n<meta property=\"og:site_name\" content=\"Kusch Walter Tiefbau GmbH\" \/>\n<meta property=\"article:modified_time\" content=\"2023-11-05T15:09:33+00:00\" \/>\n<meta name=\"twitter:card\" content=\"summary_large_image\" \/>\n<meta name=\"twitter:label1\" content=\"Gesch\u00e4tzte Lesezeit\" \/>\n\t<meta name=\"twitter:data1\" content=\"2\u00a0Minuten\" \/>\n<script type=\"application\/ld+json\" class=\"yoast-schema-graph\">{\"@context\":\"https:\/\/schema.org\",\"@graph\":[{\"@type\":\"WebPage\",\"@id\":\"https:\/\/kusch-walter-tiefbau.de\/kw\/index.php\/impressum\/\",\"url\":\"https:\/\/kusch-walter-tiefbau.de\/kw\/index.php\/impressum\/\",\"name\":\"Impressum - Kusch Walter Tiefbau GmbH\",\"isPartOf\":{\"@id\":\"https:\/\/kusch-walter-tiefbau.de\/kw\/#website\"},\"datePublished\":\"2023-10-09T18:05:16+00:00\",\"dateModified\":\"2023-11-05T15:09:33+00:00\",\"breadcrumb\":{\"@id\":\"https:\/\/kusch-walter-tiefbau.de\/kw\/index.php\/impressum\/#breadcrumb\"},\"inLanguage\":\"de\",\"potentialAction\":[{\"@type\":\"ReadAction\",\"target\":[\"https:\/\/kusch-walter-tiefbau.de\/kw\/index.php\/impressum\/\"]}]},{\"@type\":\"BreadcrumbList\",\"@id\":\"https:\/\/kusch-walter-tiefbau.de\/kw\/index.php\/impressum\/#breadcrumb\",\"itemListElement\":[{\"@type\":\"ListItem\",\"position\":1,\"name\":\"Startseite\",\"item\":\"https:\/\/kusch-walter-tiefbau.de\/kw\/\"},{\"@type\":\"ListItem\",\"position\":2,\"name\":\"Impressum\"}]},{\"@type\":\"WebSite\",\"@id\":\"https:\/\/kusch-walter-tiefbau.de\/kw\/#website\",\"url\":\"https:\/\/kusch-walter-tiefbau.de\/kw\/\",\"name\":\"Kusch Walter Tiefbau GmbH\",\"description\":\"Kabelmontagen und Elektroinstallation\",\"publisher\":{\"@id\":\"https:\/\/kusch-walter-tiefbau.de\/kw\/#organization\"},\"potentialAction\":[{\"@type\":\"SearchAction\",\"target\":{\"@type\":\"EntryPoint\",\"urlTemplate\":\"https:\/\/kusch-walter-tiefbau.de\/kw\/?s={search_term_string}\"},\"query-input\":\"required name=search_term_string\"}],\"inLanguage\":\"de\"},{\"@type\":\"Organization\",\"@id\":\"https:\/\/kusch-walter-tiefbau.de\/kw\/#organization\",\"name\":\"Kusch Walter Tiefbau GmbH\",\"url\":\"https:\/\/kusch-walter-tiefbau.de\/kw\/\",\"logo\":{\"@type\":\"ImageObject\",\"inLanguage\":\"de\",\"@id\":\"https:\/\/kusch-walter-tiefbau.de\/kw\/#\/schema\/logo\/image\/\",\"url\":\"https:\/\/kusch-walter-tiefbau.de\/kw\/wp-content\/uploads\/2023\/10\/cropped-logo_new_3-2.png\",\"contentUrl\":\"https:\/\/kusch-walter-tiefbau.de\/kw\/wp-content\/uploads\/2023\/10\/cropped-logo_new_3-2.png\",\"width\":210,\"height\":112,\"caption\":\"Kusch Walter Tiefbau GmbH\"},\"image\":{\"@id\":\"https:\/\/kusch-walter-tiefbau.de\/kw\/#\/schema\/logo\/image\/\"}}]}<\/script>\n<!-- \/ Yoast SEO plugin. -->","yoast_head_json":{"title":"Impressum - Kusch Walter Tiefbau GmbH","robots":{"index":"index","follow":"follow","max-snippet":"max-snippet:-1","max-image-preview":"max-image-preview:large","max-video-preview":"max-video-preview:-1"},"canonical":"https:\/\/kusch-walter-tiefbau.de\/kw\/index.php\/impressum\/","og_locale":"de_DE","og_type":"article","og_title":"Impressum - Kusch Walter Tiefbau GmbH","og_description":"Impressum Kusch &amp; Walter Tiefbau GmbH Sommerfelder Stra\u00dfe 4 04451 Borsdorf \/ OT Panitzsch Tel.: 034291 86475 Fax: 034291 44506 E-Mail: info@kusch-walter-tiefbau.de Gesch\u00e4ftsf\u00fchrer: Frank Walter Sitz der Gesellschaft: Leipzig eingetragen am Amtsgericht Leipzig, HRB-Nr.: 3953 Umsatzsteuer-Identifikationsnummer: DE253483693 HAFTUNG F\u00dcR INHALTE Die Inhalte unserer Seiten wurden mit gr\u00f6\u00dfter Sorgfalt erstellt. F\u00fcr die Richtigkeit, Vollst\u00e4ndigkeit und Aktualit\u00e4t [&hellip;]","og_url":"https:\/\/kusch-walter-tiefbau.de\/kw\/index.php\/impressum\/","og_site_name":"Kusch Walter Tiefbau GmbH","article_modified_time":"2023-11-05T15:09:33+00:00","twitter_card":"summary_large_image","twitter_misc":{"Gesch\u00e4tzte Lesezeit":"2\u00a0Minuten"},"schema":{"@context":"https:\/\/schema.org","@graph":[{"@type":"WebPage","@id":"https:\/\/kusch-walter-tiefbau.de\/kw\/index.php\/impressum\/","url":"https:\/\/kusch-walter-tiefbau.de\/kw\/index.php\/impressum\/","name":"Impressum - Kusch Walter Tiefbau GmbH","isPartOf":{"@id":"https:\/\/kusch-walter-tiefbau.de\/kw\/#website"},"datePublished":"2023-10-09T18:05:16+00:00","dateModified":"2023-11-05T15:09:33+00:00","breadcrumb":{"@id":"https:\/\/kusch-walter-tiefbau.de\/kw\/index.php\/impressum\/#breadcrumb"},"inLanguage":"de","potentialAction":[{"@type":"ReadAction","target":["https:\/\/kusch-walter-tiefbau.de\/kw\/index.php\/impressum\/"]}]},{"@type":"BreadcrumbList","@id":"https:\/\/kusch-walter-tiefbau.de\/kw\/index.php\/impressum\/#breadcrumb","itemListElement":[{"@type":"ListItem","position":1,"name":"Startseite","item":"https:\/\/kusch-walter-tiefbau.de\/kw\/"},{"@type":"ListItem","position":2,"name":"Impressum"}]},{"@type":"WebSite","@id":"https:\/\/kusch-walter-tiefbau.de\/kw\/#website","url":"https:\/\/kusch-walter-tiefbau.de\/kw\/","name":"Kusch Walter Tiefbau GmbH","description":"Kabelmontagen und Elektroinstallation","publisher":{"@id":"https:\/\/kusch-walter-tiefbau.de\/kw\/#organization"},"potentialAction":[{"@type":"SearchAction","target":{"@type":"EntryPoint","urlTemplate":"https:\/\/kusch-walter-tiefbau.de\/kw\/?s={search_term_string}"},"query-input":"required name=search_term_string"}],"inLanguage":"de"},{"@type":"Organization","@id":"https:\/\/kusch-walter-tiefbau.de\/kw\/#organization","name":"Kusch Walter Tiefbau GmbH","url":"https:\/\/kusch-walter-tiefbau.de\/kw\/","logo":{"@type":"ImageObject","inLanguage":"de","@id":"https:\/\/kusch-walter-tiefbau.de\/kw\/#\/schema\/logo\/image\/","url":"https:\/\/kusch-walter-tiefbau.de\/kw\/wp-content\/uploads\/2023\/10\/cropped-logo_new_3-2.png","contentUrl":"https:\/\/kusch-walter-tiefbau.de\/kw\/wp-content\/uploads\/2023\/10\/cropped-logo_new_3-2.png","width":210,"height":112,"caption":"Kusch Walter Tiefbau GmbH"},"image":{"@id":"https:\/\/kusch-walter-tiefbau.de\/kw\/#\/schema\/logo\/image\/"}}]}},"_links":{"self":[{"href":"https:\/\/kusch-walter-tiefbau.de\/kw\/index.php\/wp-json\/wp\/v2\/pages\/81","targetHints":{"allow":["GET"]}}],"collection":[{"href":"https:\/\/kusch-walter-tiefbau.de\/kw\/index.php\/wp-json\/wp\/v2\/pages"}],"about":[{"href":"https:\/\/kusch-walter-tiefbau.de\/kw\/index.php\/wp-json\/wp\/v2\/types\/page"}],"author":[{"embeddable":true,"href":"https:\/\/kusch-walter-tiefbau.de\/kw\/index.php\/wp-json\/wp\/v2\/users\/1"}],"replies":[{"embeddable":true,"href":"https:\/\/kusch-walter-tiefbau.de\/kw\/index.php\/wp-json\/wp\/v2\/comments?post=81"}],"version-history":[{"count":8,"href":"https:\/\/kusch-walter-tiefbau.de\/kw\/index.php\/wp-json\/wp\/v2\/pages\/81\/revisions"}],"predecessor-version":[{"id":545,"href":"https:\/\/kusch-walter-tiefbau.de\/kw\/index.php\/wp-json\/wp\/v2\/pages\/81\/revisions\/545"}],"wp:attachment":[{"href":"https:\/\/kusch-walter-tiefbau.de\/kw\/index.php\/wp-json\/wp\/v2\/media?parent=81"}],"curies":[{"name":"wp","href":"https:\/\/api.w.org\/{rel}","templated":true}]}}