{"id":63,"date":"2023-10-09T18:04:22","date_gmt":"2023-10-09T18:04:22","guid":{"rendered":"https:\/\/kusch-walter-tiefbau.de\/kw\/?page_id=63"},"modified":"2026-02-25T19:02:46","modified_gmt":"2026-02-25T19:02:46","slug":"stellenangebote","status":"publish","type":"page","link":"https:\/\/kusch-walter-tiefbau.de\/kw\/index.php\/stellenangebote\/","title":{"rendered":"Stellenangebote"},"content":{"rendered":"\n<h2 class=\"wp-block-heading has-text-align-center has-background\" style=\"background-color:#2369e0\">Stellenangebote<\/h2>\n\n\n\n<div class=\"wp-block-columns is-layout-flex wp-container-core-columns-is-layout-9d6595d7 wp-block-columns-is-layout-flex\">\n<div class=\"wp-block-column is-layout-flow wp-block-column-is-layout-flow\" style=\"flex-basis:33.33%\">\n<figure class=\"wp-block-image size-full\"><img loading=\"lazy\" decoding=\"async\" width=\"150\" height=\"150\" src=\"https:\/\/kusch-walter-tiefbau.de\/kw\/wp-content\/uploads\/2023\/10\/steinmetz.jpg\" alt=\"\" class=\"wp-image-277\"\/><\/figure>\n<\/div>\n\n\n\n<div class=\"wp-block-column is-layout-flow wp-block-column-is-layout-flow\" style=\"flex-basis:66.66%\">\n<h3 class=\"wp-block-heading\">Steinsetzer (m\/w\/d)<\/h3>\n                               \t\t\t\t\t\t\t\t<p class=\"content_text\"><strong>Aufgaben:<\/strong><\/p>\n\n<ul class=\"content_text\">\n \t<li>Pflaster von Stra\u00dfen-, Wegen, Einfahrten u. Pl\u00e4tzen jedlicher Art aufnehmen und neu verlegen<\/li>\n \t<li>Setzen von Borden jeglicher Art<\/li>\n \t<li>Kenntnisse im Tief- u. Rohrleitungsbau<\/li>\n \t<li>Schachtarbeiten<\/li>\n \t<li>geregelte Arbeitszeiten<\/li>\n \t<li>hoher Standard beim Arbeitsschutz<\/li>\n \t<li>keine Montage<\/li>\n<\/ul>\n<p class=\"content_text\"><strong>Profil:<\/strong><\/p>\n\n<ul class=\"content_text\">\n \t<li>abgeschlossene Berufsausbildung<\/li>\n \t<li>mehrj\u00e4hrige Berufserfahrung von Vorteil<\/li>\n \t<li>Teamf\u00e4higkeit<\/li>\n \t<li><strong><span style=\"color: #ff0000;\">F\u00fchrerscheinklasse B und von Vorteil C<\/span><\/strong><\/li>\n<\/ul>\n<p class=\"content_text\"><strong>Rahmenbedingungen:<\/strong><\/p>\n\n<ul class=\"content_text\">\n \t<li>Fr\u00fchester Eintrittstermin: <strong><span style=\"color: #ff0000;\">SOFORT<\/span><\/strong><\/li>\n \t<li>Vertragsart: <strong><span style=\"color: #ff0000;\">Vollzeit &amp; unbefristet\n<\/span><\/strong><\/li>\n \t<li>Bezahlung: <strong><span style=\"color: #ff0000;\">TOP &amp; nach Vereinbarung<\/span><\/strong><\/li>\n \t<li>Urlaub:<strong><span style=\"color: #ff0000;\"> 30 Tage<\/span><\/strong><\/li>\n<\/ul>                            <\/div>\n<\/div>\n<\/div>\n\n\n\n<hr class=\"wp-block-separator has-alpha-channel-opacity\"\/>\n\n\n\n<div class=\"wp-block-columns is-layout-flex wp-container-core-columns-is-layout-9d6595d7 wp-block-columns-is-layout-flex\">\n<div class=\"wp-block-column is-layout-flow wp-block-column-is-layout-flow\" style=\"flex-basis:33.33%\">\n<figure class=\"wp-block-image size-full\"><img loading=\"lazy\" decoding=\"async\" width=\"768\" height=\"576\" src=\"https:\/\/kusch-walter-tiefbau.de\/kw\/wp-content\/uploads\/2023\/10\/baumaschinist.jpg\" alt=\"\" class=\"wp-image-275\" srcset=\"https:\/\/kusch-walter-tiefbau.de\/kw\/wp-content\/uploads\/2023\/10\/baumaschinist.jpg 768w, https:\/\/kusch-walter-tiefbau.de\/kw\/wp-content\/uploads\/2023\/10\/baumaschinist-300x225.jpg 300w\" sizes=\"auto, (max-width: 768px) 100vw, 768px\" \/><\/figure>\n<\/div>\n\n\n\n<div class=\"wp-block-column is-layout-flow wp-block-column-is-layout-flow\" style=\"flex-basis:66.66%\">\n<h3 class=\"wp-block-heading\">LKW-Fahrer (m\/w\/d)<\/h3>\n<p>Einsatzort:&nbsp;Regional in Sachsen\/ 40- Stunden  Woche von 7.00 bis 16. 00 Uhr <br>\n  Arbeitszeit:&nbsp;Vollzeit<\/p>\n<p><strong>Ihre Aufgaben<\/strong><\/p>\n<ul type=\"disc\">\n  <li>Als       Fahrer sind Sie auf den Stra\u00dfen Ihrer Umgebung on Tour und sorgen daf\u00fcr,       dass bei dem Transport zwischen Werke und Baustelle alles nach Plan l\u00e4uft<\/li>\n  <li>Daf\u00fcr       transportieren Sie Abf\u00e4lle (Abroll- und Absetzkipper) sicher von A nach B <\/li>\n  <li>Nat\u00fcrlich  haben Sie einen verantwortungsvollen Umgang mit Ihren Fahrzeugen: Pflege \u00fcber  Wartungsarbeiten<\/li>\n<\/ul>\n<p><strong>Ihr Profil:<\/strong><\/p>\n<ul type=\"disc\">\n  <li>Abgeschlossene       Berufsausbildung im gewerblich-technischen <\/li>\n  <li>Technisches       Verst\u00e4ndnis sowie Verst\u00e4ndnis im Tiefbau&nbsp;<\/li>\n  <li>F\u00fchrerschein       Klasse CE erforderlich<\/li>\n  <li>Eigenverantwortlicher,       engagierter und motivierter Arbeitsstil sowie Zuverl\u00e4ssigkeit,       Kommunikations- und Teamf\u00e4higkeit<\/li>\n<\/ul>\n<p><strong>Wir bieten:<\/strong><\/p>\n<ul type=\"disc\">\n  <li><strong>Attraktives       Gehalt:&nbsp;<\/strong><\/li>\n  <li><strong>Verl\u00e4sslichkeit:<\/strong>&nbsp;Unbefristete       krisensichere Anstellung in einem wachsenden, innovativen und nachhaltig       gef\u00fchrten Unternehmen&nbsp;<\/li>\n  <li><strong>Urlaub:&nbsp;<\/strong>30       Tage&nbsp;inkl. Urlaubsgeld&nbsp;<\/li>\n  <li><strong>Beitrags\u00fcbernahmen       Betreuung Kindergarten<\/strong><\/li>\n  <li><strong>Wintergeld<\/strong><\/li>\n  <li><strong>Betriebstelefon <\/strong><\/li>\n  <li><strong>Familienunternehmen:<\/strong> Vielseitige T\u00e4tigkeiten in einem erfolgreich familiengef\u00fchrten Unternehmen       mit flachen Hierarchien<\/li>\n  <li><strong>Nahverkehr:<\/strong> Ihre       t\u00e4glichen Touren liegen im Umkreis der Niederlassung und garantieren die       Vereinbarkeit von Beruf und Freizeit<\/li>\n  <li><strong>Schulungen:<\/strong> Selbstverst\u00e4ndlich \u00fcbernehmen wir die Kosten f\u00fcr Modulschulungen<\/li>\n  <li><strong>Mitarbeiterrabatte<\/strong><\/li>\n<\/ul>\n<p><strong>Rahmenbedingungen:<\/strong><\/p>\n<ul class=\"content_text\">\n \t<li>Fr\u00fchester Eintrittstermin: <strong><span style=\"color: #ff0000;\">SOFORT<\/span><\/strong><\/li>\n \t<li>Vertragsart: <strong><span style=\"color: #ff0000;\">Vollzeit &amp; unbefristet\n<\/span><\/strong><\/li>\n \t<li>Bezahlung: <strong><span style=\"color: #ff0000;\">TOP &amp; nach Vereinbarung<\/span><\/strong><\/li>\n \t<li>Urlaub:<strong><span style=\"color: #ff0000;\"> 30 Tage<\/span><\/strong><\/li>\n<\/ul>                            <\/div>\n<\/div>\n<\/div>\n\n\n\n<hr class=\"wp-block-separator has-alpha-channel-opacity\"\/>\n\n\n\n<div class=\"wp-block-columns is-layout-flex wp-container-core-columns-is-layout-9d6595d7 wp-block-columns-is-layout-flex\">\n<div class=\"wp-block-column is-layout-flow wp-block-column-is-layout-flow\" style=\"flex-basis:33.33%\">\n<figure class=\"wp-block-image size-full\"><img loading=\"lazy\" decoding=\"async\" width=\"150\" height=\"150\" src=\"https:\/\/kusch-walter-tiefbau.de\/kw\/wp-content\/uploads\/2023\/10\/elektro.jpg\" alt=\"\" class=\"wp-image-276\"\/><\/figure>\n<\/div>\n\n\n\n<div class=\"wp-block-column is-layout-flow wp-block-column-is-layout-flow\" style=\"flex-basis:66.66%\">\n<h3 class=\"wp-block-heading\">Elektriker, Kabelmonteur (m\/w\/d)<\/h3>\n\n\t\t\t\t\t\t\t\t<strong>Aufgaben:<\/strong>\n<ul style=\"list-style-type: circle;\">\n \t<li>Kabelverlegung<\/li>\n \t<li>Montieren von NS- und MS-Kabelnetzen<\/li>\n<\/ul>\n<strong>Profil:<\/strong>\n<ul style=\"list-style-type: circle;\">\n \t<li>abgeschlossene Berufsausbildung zum Elektriker (m\/w)<\/li>\n \t<li>Teamf\u00e4higkeit<\/li>\n \t<li><strong><span style=\"color: #ff0000;\">F\u00fchrerscheinklasse B\n<\/span><\/strong><\/li>\n<\/ul>\n<strong>Rahmenbedingungen: <\/strong>\n<ul style=\"list-style-type: circle;\">\n \t<li>40-Stunden-Woche<\/li>\n    <li>Sonderpr\u00e4mie<\/li>\n    <li>Urlaubsgeld<\/li>\n    <li>Weiterbildung \/ Lehrg\u00e4nge<\/li>\n    <li>geregelte Arbeitszeiten<\/li>\n    <li>hoher Standard beim Arbeitsschutz<\/li>\n    <li>famili\u00e4res Unternehmen<\/li>\n    <li>Betriebshandy<\/li>\n    <li>Betriebsfahrzeug<\/li>\n    <li>Fr\u00fchester Eintrittstermin: <strong><span style=\"color: #ff0000;\">SOFORT<\/span><\/strong><\/li>\n \t<li>Vertragsart: <strong><span style=\"color: #ff0000;\">Vollzeit &amp; unbefristet\n<\/span><\/strong><\/li>\n \t<li>Bezahlung:&nbsp;<span style=\"color: #ff0000;\"><strong>TOP &amp; nach Vereinbarung<\/strong><\/span><\/li>\n \t<li>Urlaub: <strong><span style=\"color: #ff0000;\">30 Tage<\/span><\/strong><\/li>\n \t<li><strong><span style=\"color: #ff0000;\">KEINE Montage!!!!<\/span><\/strong>\n \t  <ul style=\"list-style-type: circle;\">\n \t<\/li>\n<\/ul>\n<\/div>\n<\/div>\n\n\n\n<h5 class=\"wp-block-heading has-text-align-center\"><a href=\"https:\/\/kusch-walter-tiefbau.de\/bewerbung.php\">Zum Bewerbungsformular<\/a><\/h5>\n","protected":false},"excerpt":{"rendered":"<p>Stellenangebote Steinsetzer (m\/w\/d) Aufgaben: Pflaster von Stra\u00dfen-, Wegen, Einfahrten u. Pl\u00e4tzen jedlicher Art aufnehmen und neu verlegen Setzen von Borden jeglicher Art Kenntnisse im Tief- u. Rohrleitungsbau Schachtarbeiten geregelte Arbeitszeiten hoher Standard beim Arbeitsschutz keine Montage Profil: abgeschlossene Berufsausbildung mehrj\u00e4hrige Berufserfahrung von Vorteil Teamf\u00e4higkeit F\u00fchrerscheinklasse B und von Vorteil C Rahmenbedingungen: Fr\u00fchester Eintrittstermin: SOFORT Vertragsart: [&hellip;]<\/p>\n","protected":false},"author":1,"featured_media":0,"parent":0,"menu_order":0,"comment_status":"closed","ping_status":"closed","template":"","meta":{"footnotes":""},"class_list":["post-63","page","type-page","status-publish","hentry"],"yoast_head":"<!-- This site is optimized with the Yoast SEO plugin v21.5 - https:\/\/yoast.com\/wordpress\/plugins\/seo\/ -->\n<title>Stellenangebote - Kusch Walter Tiefbau GmbH<\/title>\n<meta name=\"robots\" content=\"index, follow, max-snippet:-1, max-image-preview:large, max-video-preview:-1\" \/>\n<link rel=\"canonical\" href=\"https:\/\/kusch-walter-tiefbau.de\/kw\/index.php\/stellenangebote\/\" \/>\n<meta property=\"og:locale\" content=\"de_DE\" \/>\n<meta property=\"og:type\" content=\"article\" \/>\n<meta property=\"og:title\" content=\"Stellenangebote - Kusch Walter Tiefbau GmbH\" \/>\n<meta property=\"og:description\" content=\"Stellenangebote Steinsetzer (m\/w\/d) Aufgaben: Pflaster von Stra\u00dfen-, Wegen, Einfahrten u. Pl\u00e4tzen jedlicher Art aufnehmen und neu verlegen Setzen von Borden jeglicher Art Kenntnisse im Tief- u. Rohrleitungsbau Schachtarbeiten geregelte Arbeitszeiten hoher Standard beim Arbeitsschutz keine Montage Profil: abgeschlossene Berufsausbildung mehrj\u00e4hrige Berufserfahrung von Vorteil Teamf\u00e4higkeit F\u00fchrerscheinklasse B und von Vorteil C Rahmenbedingungen: Fr\u00fchester Eintrittstermin: SOFORT Vertragsart: [&hellip;]\" \/>\n<meta property=\"og:url\" content=\"https:\/\/kusch-walter-tiefbau.de\/kw\/index.php\/stellenangebote\/\" \/>\n<meta property=\"og:site_name\" content=\"Kusch Walter Tiefbau GmbH\" \/>\n<meta property=\"article:modified_time\" content=\"2026-02-25T19:02:46+00:00\" \/>\n<meta property=\"og:image\" content=\"https:\/\/kusch-walter-tiefbau.de\/kw\/wp-content\/uploads\/2023\/10\/steinmetz.jpg\" \/>\n<meta name=\"twitter:card\" content=\"summary_large_image\" \/>\n<meta name=\"twitter:label1\" content=\"Gesch\u00e4tzte Lesezeit\" \/>\n\t<meta name=\"twitter:data1\" content=\"3\u00a0Minuten\" \/>\n<script type=\"application\/ld+json\" class=\"yoast-schema-graph\">{\"@context\":\"https:\/\/schema.org\",\"@graph\":[{\"@type\":\"WebPage\",\"@id\":\"https:\/\/kusch-walter-tiefbau.de\/kw\/index.php\/stellenangebote\/\",\"url\":\"https:\/\/kusch-walter-tiefbau.de\/kw\/index.php\/stellenangebote\/\",\"name\":\"Stellenangebote - Kusch Walter Tiefbau GmbH\",\"isPartOf\":{\"@id\":\"https:\/\/kusch-walter-tiefbau.de\/kw\/#website\"},\"datePublished\":\"2023-10-09T18:04:22+00:00\",\"dateModified\":\"2026-02-25T19:02:46+00:00\",\"breadcrumb\":{\"@id\":\"https:\/\/kusch-walter-tiefbau.de\/kw\/index.php\/stellenangebote\/#breadcrumb\"},\"inLanguage\":\"de\",\"potentialAction\":[{\"@type\":\"ReadAction\",\"target\":[\"https:\/\/kusch-walter-tiefbau.de\/kw\/index.php\/stellenangebote\/\"]}]},{\"@type\":\"BreadcrumbList\",\"@id\":\"https:\/\/kusch-walter-tiefbau.de\/kw\/index.php\/stellenangebote\/#breadcrumb\",\"itemListElement\":[{\"@type\":\"ListItem\",\"position\":1,\"name\":\"Startseite\",\"item\":\"https:\/\/kusch-walter-tiefbau.de\/kw\/\"},{\"@type\":\"ListItem\",\"position\":2,\"name\":\"Stellenangebote\"}]},{\"@type\":\"WebSite\",\"@id\":\"https:\/\/kusch-walter-tiefbau.de\/kw\/#website\",\"url\":\"https:\/\/kusch-walter-tiefbau.de\/kw\/\",\"name\":\"Kusch Walter Tiefbau GmbH\",\"description\":\"Kabelmontagen und Elektroinstallation\",\"publisher\":{\"@id\":\"https:\/\/kusch-walter-tiefbau.de\/kw\/#organization\"},\"potentialAction\":[{\"@type\":\"SearchAction\",\"target\":{\"@type\":\"EntryPoint\",\"urlTemplate\":\"https:\/\/kusch-walter-tiefbau.de\/kw\/?s={search_term_string}\"},\"query-input\":\"required name=search_term_string\"}],\"inLanguage\":\"de\"},{\"@type\":\"Organization\",\"@id\":\"https:\/\/kusch-walter-tiefbau.de\/kw\/#organization\",\"name\":\"Kusch Walter Tiefbau GmbH\",\"url\":\"https:\/\/kusch-walter-tiefbau.de\/kw\/\",\"logo\":{\"@type\":\"ImageObject\",\"inLanguage\":\"de\",\"@id\":\"https:\/\/kusch-walter-tiefbau.de\/kw\/#\/schema\/logo\/image\/\",\"url\":\"https:\/\/kusch-walter-tiefbau.de\/kw\/wp-content\/uploads\/2023\/10\/cropped-logo_new_3-2.png\",\"contentUrl\":\"https:\/\/kusch-walter-tiefbau.de\/kw\/wp-content\/uploads\/2023\/10\/cropped-logo_new_3-2.png\",\"width\":210,\"height\":112,\"caption\":\"Kusch Walter Tiefbau GmbH\"},\"image\":{\"@id\":\"https:\/\/kusch-walter-tiefbau.de\/kw\/#\/schema\/logo\/image\/\"}}]}<\/script>\n<!-- \/ Yoast SEO plugin. -->","yoast_head_json":{"title":"Stellenangebote - Kusch Walter Tiefbau GmbH","robots":{"index":"index","follow":"follow","max-snippet":"max-snippet:-1","max-image-preview":"max-image-preview:large","max-video-preview":"max-video-preview:-1"},"canonical":"https:\/\/kusch-walter-tiefbau.de\/kw\/index.php\/stellenangebote\/","og_locale":"de_DE","og_type":"article","og_title":"Stellenangebote - Kusch Walter Tiefbau GmbH","og_description":"Stellenangebote Steinsetzer (m\/w\/d) Aufgaben: Pflaster von Stra\u00dfen-, Wegen, Einfahrten u. Pl\u00e4tzen jedlicher Art aufnehmen und neu verlegen Setzen von Borden jeglicher Art Kenntnisse im Tief- u. Rohrleitungsbau Schachtarbeiten geregelte Arbeitszeiten hoher Standard beim Arbeitsschutz keine Montage Profil: abgeschlossene Berufsausbildung mehrj\u00e4hrige Berufserfahrung von Vorteil Teamf\u00e4higkeit F\u00fchrerscheinklasse B und von Vorteil C Rahmenbedingungen: Fr\u00fchester Eintrittstermin: SOFORT Vertragsart: [&hellip;]","og_url":"https:\/\/kusch-walter-tiefbau.de\/kw\/index.php\/stellenangebote\/","og_site_name":"Kusch Walter Tiefbau GmbH","article_modified_time":"2026-02-25T19:02:46+00:00","og_image":[{"url":"https:\/\/kusch-walter-tiefbau.de\/kw\/wp-content\/uploads\/2023\/10\/steinmetz.jpg"}],"twitter_card":"summary_large_image","twitter_misc":{"Gesch\u00e4tzte Lesezeit":"3\u00a0Minuten"},"schema":{"@context":"https:\/\/schema.org","@graph":[{"@type":"WebPage","@id":"https:\/\/kusch-walter-tiefbau.de\/kw\/index.php\/stellenangebote\/","url":"https:\/\/kusch-walter-tiefbau.de\/kw\/index.php\/stellenangebote\/","name":"Stellenangebote - Kusch Walter Tiefbau GmbH","isPartOf":{"@id":"https:\/\/kusch-walter-tiefbau.de\/kw\/#website"},"datePublished":"2023-10-09T18:04:22+00:00","dateModified":"2026-02-25T19:02:46+00:00","breadcrumb":{"@id":"https:\/\/kusch-walter-tiefbau.de\/kw\/index.php\/stellenangebote\/#breadcrumb"},"inLanguage":"de","potentialAction":[{"@type":"ReadAction","target":["https:\/\/kusch-walter-tiefbau.de\/kw\/index.php\/stellenangebote\/"]}]},{"@type":"BreadcrumbList","@id":"https:\/\/kusch-walter-tiefbau.de\/kw\/index.php\/stellenangebote\/#breadcrumb","itemListElement":[{"@type":"ListItem","position":1,"name":"Startseite","item":"https:\/\/kusch-walter-tiefbau.de\/kw\/"},{"@type":"ListItem","position":2,"name":"Stellenangebote"}]},{"@type":"WebSite","@id":"https:\/\/kusch-walter-tiefbau.de\/kw\/#website","url":"https:\/\/kusch-walter-tiefbau.de\/kw\/","name":"Kusch Walter Tiefbau GmbH","description":"Kabelmontagen und Elektroinstallation","publisher":{"@id":"https:\/\/kusch-walter-tiefbau.de\/kw\/#organization"},"potentialAction":[{"@type":"SearchAction","target":{"@type":"EntryPoint","urlTemplate":"https:\/\/kusch-walter-tiefbau.de\/kw\/?s={search_term_string}"},"query-input":"required name=search_term_string"}],"inLanguage":"de"},{"@type":"Organization","@id":"https:\/\/kusch-walter-tiefbau.de\/kw\/#organization","name":"Kusch Walter Tiefbau GmbH","url":"https:\/\/kusch-walter-tiefbau.de\/kw\/","logo":{"@type":"ImageObject","inLanguage":"de","@id":"https:\/\/kusch-walter-tiefbau.de\/kw\/#\/schema\/logo\/image\/","url":"https:\/\/kusch-walter-tiefbau.de\/kw\/wp-content\/uploads\/2023\/10\/cropped-logo_new_3-2.png","contentUrl":"https:\/\/kusch-walter-tiefbau.de\/kw\/wp-content\/uploads\/2023\/10\/cropped-logo_new_3-2.png","width":210,"height":112,"caption":"Kusch Walter Tiefbau GmbH"},"image":{"@id":"https:\/\/kusch-walter-tiefbau.de\/kw\/#\/schema\/logo\/image\/"}}]}},"_links":{"self":[{"href":"https:\/\/kusch-walter-tiefbau.de\/kw\/index.php\/wp-json\/wp\/v2\/pages\/63","targetHints":{"allow":["GET"]}}],"collection":[{"href":"https:\/\/kusch-walter-tiefbau.de\/kw\/index.php\/wp-json\/wp\/v2\/pages"}],"about":[{"href":"https:\/\/kusch-walter-tiefbau.de\/kw\/index.php\/wp-json\/wp\/v2\/types\/page"}],"author":[{"embeddable":true,"href":"https:\/\/kusch-walter-tiefbau.de\/kw\/index.php\/wp-json\/wp\/v2\/users\/1"}],"replies":[{"embeddable":true,"href":"https:\/\/kusch-walter-tiefbau.de\/kw\/index.php\/wp-json\/wp\/v2\/comments?post=63"}],"version-history":[{"count":57,"href":"https:\/\/kusch-walter-tiefbau.de\/kw\/index.php\/wp-json\/wp\/v2\/pages\/63\/revisions"}],"predecessor-version":[{"id":722,"href":"https:\/\/kusch-walter-tiefbau.de\/kw\/index.php\/wp-json\/wp\/v2\/pages\/63\/revisions\/722"}],"wp:attachment":[{"href":"https:\/\/kusch-walter-tiefbau.de\/kw\/index.php\/wp-json\/wp\/v2\/media?parent=63"}],"curies":[{"name":"wp","href":"https:\/\/api.w.org\/{rel}","templated":true}]}}