{"id":61,"date":"2023-10-09T18:04:22","date_gmt":"2023-10-09T18:04:22","guid":{"rendered":"https:\/\/kusch-walter-tiefbau.de\/kw\/?page_id=61"},"modified":"2024-03-04T10:12:17","modified_gmt":"2024-03-04T10:12:17","slug":"zetifikate","status":"publish","type":"page","link":"https:\/\/kusch-walter-tiefbau.de\/kw\/index.php\/zetifikate\/","title":{"rendered":"Zetifikate"},"content":{"rendered":"\n<h2 class=\"wp-block-heading has-text-align-center has-background\" style=\"background-color:#2369e0\">Zertifikate<\/h2>\n\n\n\n<div class=\"wp-block-columns is-layout-flex wp-container-core-columns-is-layout-9d6595d7 wp-block-columns-is-layout-flex\">\n<div class=\"wp-block-column is-layout-flow wp-block-column-is-layout-flow\">\n<p>Aufbauend auf seinen langj\u00e4hrigen Erfahrungen im Tiefbau wagte im Mai 1990 Werner Kusch mit seinem Einzelunternehmen <br \/>\u201e<strong>Werner Kusch Tiefbau- und Transport\u201c<\/strong>\u00a0 mit viel Enthusiasmus, einen PKW Wartburg, einem H\u00e4nger und allerlei <br \/>Kleinwerkzeug den Schritt in die Selbstst\u00e4ndigkeit.<\/p>\n<p>Schnell wuchs das Unternehmen heran, so dass bereits im November 1991 die Gr\u00fcndung der <strong>Kusch &amp; Walter Tiefbau GmbH <\/strong>mit seinem Schwiegersohn Frank Walter dazu kam.<br \/>Standen damals 3 Mitarbeiter in Lohn und Brot, so werden heute 20 Fachkr\u00e4fte nicht allein durch hohes Engagement sowie \u00fcberzeugender Qualit\u00e4t besch\u00e4ftigt.<\/p>\n<p>Das Unternehmen verf\u00fcgt \u00fcber einen modernen Maschinen- und Ger\u00e4tepark.<br \/>Seit der Gr\u00fcndung hat die Firma ihren Standort in der Sommerfelder Stra\u00dfe 4 in 04451 Borsdorf, Ortsteil Panitzsch.<\/p>\n<\/div>\n<\/div>\n\n\n\n<div class=\"wp-block-columns is-layout-flex wp-container-core-columns-is-layout-9d6595d7 wp-block-columns-is-layout-flex\">\n<div class=\"wp-block-column is-layout-flow wp-block-column-is-layout-flow\" style=\"flex-basis:66.66%\"><\/div>\n<\/div>\n\n\n\n<figure class=\"wp-block-gallery has-nested-images columns-2 is-cropped wp-block-gallery-1 is-layout-flex wp-block-gallery-is-layout-flex\">\n<figure class=\"wp-block-image size-large\"><a href=\"https:\/\/kusch-walter-tiefbau.de\/kw\/index.php\/zertifikate-tiefbauarbeiten\/\"><img loading=\"lazy\" decoding=\"async\" width=\"724\" height=\"1024\" data-id=\"212\" src=\"https:\/\/kusch-walter-tiefbau.de\/kw\/wp-content\/uploads\/2023\/10\/iso_9001-724x1024.jpg\" alt=\"\" class=\"wp-image-212\" srcset=\"https:\/\/kusch-walter-tiefbau.de\/kw\/wp-content\/uploads\/2023\/10\/iso_9001-724x1024.jpg 724w, https:\/\/kusch-walter-tiefbau.de\/kw\/wp-content\/uploads\/2023\/10\/iso_9001-212x300.jpg 212w, https:\/\/kusch-walter-tiefbau.de\/kw\/wp-content\/uploads\/2023\/10\/iso_9001-768x1086.jpg 768w, https:\/\/kusch-walter-tiefbau.de\/kw\/wp-content\/uploads\/2023\/10\/iso_9001-1086x1536.jpg 1086w, https:\/\/kusch-walter-tiefbau.de\/kw\/wp-content\/uploads\/2023\/10\/iso_9001-1448x2048.jpg 1448w, https:\/\/kusch-walter-tiefbau.de\/kw\/wp-content\/uploads\/2023\/10\/iso_9001-scaled.jpg 1810w\" sizes=\"auto, (max-width: 724px) 100vw, 724px\" \/><\/a><\/figure>\n\n\n\n<figure class=\"wp-block-image size-large\"><a href=\"https:\/\/kusch-walter-tiefbau.de\/kw\/index.php\/zertifikate-verkehrssicherung\/\"><img loading=\"lazy\" decoding=\"async\" width=\"724\" height=\"1024\" data-id=\"211\" src=\"https:\/\/kusch-walter-tiefbau.de\/kw\/wp-content\/uploads\/2023\/10\/doc01911720180323091532_001-724x1024.jpg\" alt=\"\" class=\"wp-image-211\" srcset=\"https:\/\/kusch-walter-tiefbau.de\/kw\/wp-content\/uploads\/2023\/10\/doc01911720180323091532_001-724x1024.jpg 724w, https:\/\/kusch-walter-tiefbau.de\/kw\/wp-content\/uploads\/2023\/10\/doc01911720180323091532_001-212x300.jpg 212w, https:\/\/kusch-walter-tiefbau.de\/kw\/wp-content\/uploads\/2023\/10\/doc01911720180323091532_001-768x1086.jpg 768w, https:\/\/kusch-walter-tiefbau.de\/kw\/wp-content\/uploads\/2023\/10\/doc01911720180323091532_001-1086x1536.jpg 1086w, https:\/\/kusch-walter-tiefbau.de\/kw\/wp-content\/uploads\/2023\/10\/doc01911720180323091532_001-1448x2048.jpg 1448w, https:\/\/kusch-walter-tiefbau.de\/kw\/wp-content\/uploads\/2023\/10\/doc01911720180323091532_001-scaled.jpg 1810w\" sizes=\"auto, (max-width: 724px) 100vw, 724px\" \/><\/a><\/figure>\n\n\n\n<figure class=\"wp-block-image size-large is-style-default\"><a href=\"https:\/\/kusch-walter-tiefbau.de\/kw\/index.php\/zertifikate-qm-beauftragter\/\"><img loading=\"lazy\" decoding=\"async\" width=\"595\" height=\"842\" data-id=\"209\" src=\"https:\/\/kusch-walter-tiefbau.de\/kw\/wp-content\/uploads\/2023\/10\/agil.jpg\" alt=\"\" class=\"wp-image-209\" srcset=\"https:\/\/kusch-walter-tiefbau.de\/kw\/wp-content\/uploads\/2023\/10\/agil.jpg 595w, https:\/\/kusch-walter-tiefbau.de\/kw\/wp-content\/uploads\/2023\/10\/agil-212x300.jpg 212w\" sizes=\"auto, (max-width: 595px) 100vw, 595px\" \/><\/a><\/figure>\n\n\n\n<figure class=\"wp-block-image size-large is-style-default\"><a href=\"https:\/\/kusch-walter-tiefbau.de\/kw\/index.php\/zertifizierungen-arbeitsschutz\/\"><img loading=\"lazy\" decoding=\"async\" width=\"724\" height=\"1024\" data-id=\"210\" src=\"https:\/\/kusch-walter-tiefbau.de\/kw\/wp-content\/uploads\/2023\/10\/ams_Bau-724x1024.jpg\" alt=\"\" class=\"wp-image-210\" srcset=\"https:\/\/kusch-walter-tiefbau.de\/kw\/wp-content\/uploads\/2023\/10\/ams_Bau-724x1024.jpg 724w, https:\/\/kusch-walter-tiefbau.de\/kw\/wp-content\/uploads\/2023\/10\/ams_Bau-212x300.jpg 212w, https:\/\/kusch-walter-tiefbau.de\/kw\/wp-content\/uploads\/2023\/10\/ams_Bau-768x1086.jpg 768w, https:\/\/kusch-walter-tiefbau.de\/kw\/wp-content\/uploads\/2023\/10\/ams_Bau-1086x1536.jpg 1086w, https:\/\/kusch-walter-tiefbau.de\/kw\/wp-content\/uploads\/2023\/10\/ams_Bau-1448x2048.jpg 1448w, https:\/\/kusch-walter-tiefbau.de\/kw\/wp-content\/uploads\/2023\/10\/ams_Bau-scaled.jpg 1810w\" sizes=\"auto, (max-width: 724px) 100vw, 724px\" \/><\/a><\/figure>\n<\/figure>\n\n\n\n<div class=\"wp-block-columns is-layout-flex wp-container-core-columns-is-layout-9d6595d7 wp-block-columns-is-layout-flex\">\n<div class=\"wp-block-column is-layout-flow wp-block-column-is-layout-flow\">\n<figure class=\"wp-block-image size-large\"><img loading=\"lazy\" decoding=\"async\" width=\"724\" height=\"1024\" src=\"https:\/\/kusch-walter-tiefbau.de\/kw\/wp-content\/uploads\/2024\/03\/tuev_sued_03_24-724x1024.jpg\" alt=\"\" class=\"wp-image-680\" srcset=\"https:\/\/kusch-walter-tiefbau.de\/kw\/wp-content\/uploads\/2024\/03\/tuev_sued_03_24-724x1024.jpg 724w, https:\/\/kusch-walter-tiefbau.de\/kw\/wp-content\/uploads\/2024\/03\/tuev_sued_03_24-212x300.jpg 212w, https:\/\/kusch-walter-tiefbau.de\/kw\/wp-content\/uploads\/2024\/03\/tuev_sued_03_24-768x1086.jpg 768w, https:\/\/kusch-walter-tiefbau.de\/kw\/wp-content\/uploads\/2024\/03\/tuev_sued_03_24-1086x1536.jpg 1086w, https:\/\/kusch-walter-tiefbau.de\/kw\/wp-content\/uploads\/2024\/03\/tuev_sued_03_24-1448x2048.jpg 1448w, https:\/\/kusch-walter-tiefbau.de\/kw\/wp-content\/uploads\/2024\/03\/tuev_sued_03_24-scaled.jpg 1810w\" sizes=\"auto, (max-width: 724px) 100vw, 724px\" \/><\/figure>\n<\/div>\n\n\n\n<div class=\"wp-block-column is-layout-flow wp-block-column-is-layout-flow\">\n<figure class=\"wp-block-image size-large\"><img loading=\"lazy\" decoding=\"async\" width=\"724\" height=\"1024\" src=\"https:\/\/kusch-walter-tiefbau.de\/kw\/wp-content\/uploads\/2024\/03\/ams_03_24-724x1024.jpg\" alt=\"\" class=\"wp-image-679\" srcset=\"https:\/\/kusch-walter-tiefbau.de\/kw\/wp-content\/uploads\/2024\/03\/ams_03_24-724x1024.jpg 724w, https:\/\/kusch-walter-tiefbau.de\/kw\/wp-content\/uploads\/2024\/03\/ams_03_24-212x300.jpg 212w, https:\/\/kusch-walter-tiefbau.de\/kw\/wp-content\/uploads\/2024\/03\/ams_03_24-768x1086.jpg 768w, https:\/\/kusch-walter-tiefbau.de\/kw\/wp-content\/uploads\/2024\/03\/ams_03_24-1086x1536.jpg 1086w, https:\/\/kusch-walter-tiefbau.de\/kw\/wp-content\/uploads\/2024\/03\/ams_03_24-1448x2048.jpg 1448w, https:\/\/kusch-walter-tiefbau.de\/kw\/wp-content\/uploads\/2024\/03\/ams_03_24-scaled.jpg 1810w\" sizes=\"auto, (max-width: 724px) 100vw, 724px\" \/><\/figure>\n<\/div>\n<\/div>\n","protected":false},"excerpt":{"rendered":"<p>Zertifikate Aufbauend auf seinen langj\u00e4hrigen Erfahrungen im Tiefbau wagte im Mai 1990 Werner Kusch mit seinem Einzelunternehmen \u201eWerner Kusch Tiefbau- und Transport\u201c\u00a0 mit viel Enthusiasmus, einen PKW Wartburg, einem H\u00e4nger und allerlei Kleinwerkzeug den Schritt in die Selbstst\u00e4ndigkeit. Schnell wuchs das Unternehmen heran, so dass bereits im November 1991 die Gr\u00fcndung der Kusch &amp; Walter [&hellip;]<\/p>\n","protected":false},"author":1,"featured_media":0,"parent":0,"menu_order":0,"comment_status":"closed","ping_status":"closed","template":"","meta":{"footnotes":""},"class_list":["post-61","page","type-page","status-publish","hentry"],"yoast_head":"<!-- This site is optimized with the Yoast SEO plugin v21.5 - https:\/\/yoast.com\/wordpress\/plugins\/seo\/ -->\n<title>Zetifikate - Kusch Walter Tiefbau GmbH<\/title>\n<meta name=\"robots\" content=\"index, follow, max-snippet:-1, max-image-preview:large, max-video-preview:-1\" \/>\n<link rel=\"canonical\" href=\"https:\/\/kusch-walter-tiefbau.de\/kw\/index.php\/zetifikate\/\" \/>\n<meta property=\"og:locale\" content=\"de_DE\" \/>\n<meta property=\"og:type\" content=\"article\" \/>\n<meta property=\"og:title\" content=\"Zetifikate - Kusch Walter Tiefbau GmbH\" \/>\n<meta property=\"og:description\" content=\"Zertifikate Aufbauend auf seinen langj\u00e4hrigen Erfahrungen im Tiefbau wagte im Mai 1990 Werner Kusch mit seinem Einzelunternehmen \u201eWerner Kusch Tiefbau- und Transport\u201c\u00a0 mit viel Enthusiasmus, einen PKW Wartburg, einem H\u00e4nger und allerlei Kleinwerkzeug den Schritt in die Selbstst\u00e4ndigkeit. Schnell wuchs das Unternehmen heran, so dass bereits im November 1991 die Gr\u00fcndung der Kusch &amp; Walter [&hellip;]\" \/>\n<meta property=\"og:url\" content=\"https:\/\/kusch-walter-tiefbau.de\/kw\/index.php\/zetifikate\/\" \/>\n<meta property=\"og:site_name\" content=\"Kusch Walter Tiefbau GmbH\" \/>\n<meta property=\"article:modified_time\" content=\"2024-03-04T10:12:17+00:00\" \/>\n<meta property=\"og:image\" content=\"https:\/\/kusch-walter-tiefbau.de\/kw\/wp-content\/uploads\/2023\/10\/iso_9001-724x1024.jpg\" \/>\n<meta name=\"twitter:card\" content=\"summary_large_image\" \/>\n<meta name=\"twitter:label1\" content=\"Gesch\u00e4tzte Lesezeit\" \/>\n\t<meta name=\"twitter:data1\" content=\"2\u00a0Minuten\" \/>\n<script type=\"application\/ld+json\" class=\"yoast-schema-graph\">{\"@context\":\"https:\/\/schema.org\",\"@graph\":[{\"@type\":\"WebPage\",\"@id\":\"https:\/\/kusch-walter-tiefbau.de\/kw\/index.php\/zetifikate\/\",\"url\":\"https:\/\/kusch-walter-tiefbau.de\/kw\/index.php\/zetifikate\/\",\"name\":\"Zetifikate - Kusch Walter Tiefbau GmbH\",\"isPartOf\":{\"@id\":\"https:\/\/kusch-walter-tiefbau.de\/kw\/#website\"},\"datePublished\":\"2023-10-09T18:04:22+00:00\",\"dateModified\":\"2024-03-04T10:12:17+00:00\",\"breadcrumb\":{\"@id\":\"https:\/\/kusch-walter-tiefbau.de\/kw\/index.php\/zetifikate\/#breadcrumb\"},\"inLanguage\":\"de\",\"potentialAction\":[{\"@type\":\"ReadAction\",\"target\":[\"https:\/\/kusch-walter-tiefbau.de\/kw\/index.php\/zetifikate\/\"]}]},{\"@type\":\"BreadcrumbList\",\"@id\":\"https:\/\/kusch-walter-tiefbau.de\/kw\/index.php\/zetifikate\/#breadcrumb\",\"itemListElement\":[{\"@type\":\"ListItem\",\"position\":1,\"name\":\"Startseite\",\"item\":\"https:\/\/kusch-walter-tiefbau.de\/kw\/\"},{\"@type\":\"ListItem\",\"position\":2,\"name\":\"Zetifikate\"}]},{\"@type\":\"WebSite\",\"@id\":\"https:\/\/kusch-walter-tiefbau.de\/kw\/#website\",\"url\":\"https:\/\/kusch-walter-tiefbau.de\/kw\/\",\"name\":\"Kusch Walter Tiefbau GmbH\",\"description\":\"Kabelmontagen und Elektroinstallation\",\"publisher\":{\"@id\":\"https:\/\/kusch-walter-tiefbau.de\/kw\/#organization\"},\"potentialAction\":[{\"@type\":\"SearchAction\",\"target\":{\"@type\":\"EntryPoint\",\"urlTemplate\":\"https:\/\/kusch-walter-tiefbau.de\/kw\/?s={search_term_string}\"},\"query-input\":\"required name=search_term_string\"}],\"inLanguage\":\"de\"},{\"@type\":\"Organization\",\"@id\":\"https:\/\/kusch-walter-tiefbau.de\/kw\/#organization\",\"name\":\"Kusch Walter Tiefbau GmbH\",\"url\":\"https:\/\/kusch-walter-tiefbau.de\/kw\/\",\"logo\":{\"@type\":\"ImageObject\",\"inLanguage\":\"de\",\"@id\":\"https:\/\/kusch-walter-tiefbau.de\/kw\/#\/schema\/logo\/image\/\",\"url\":\"https:\/\/kusch-walter-tiefbau.de\/kw\/wp-content\/uploads\/2023\/10\/cropped-logo_new_3-2.png\",\"contentUrl\":\"https:\/\/kusch-walter-tiefbau.de\/kw\/wp-content\/uploads\/2023\/10\/cropped-logo_new_3-2.png\",\"width\":210,\"height\":112,\"caption\":\"Kusch Walter Tiefbau GmbH\"},\"image\":{\"@id\":\"https:\/\/kusch-walter-tiefbau.de\/kw\/#\/schema\/logo\/image\/\"}}]}<\/script>\n<!-- \/ Yoast SEO plugin. -->","yoast_head_json":{"title":"Zetifikate - Kusch Walter Tiefbau GmbH","robots":{"index":"index","follow":"follow","max-snippet":"max-snippet:-1","max-image-preview":"max-image-preview:large","max-video-preview":"max-video-preview:-1"},"canonical":"https:\/\/kusch-walter-tiefbau.de\/kw\/index.php\/zetifikate\/","og_locale":"de_DE","og_type":"article","og_title":"Zetifikate - Kusch Walter Tiefbau GmbH","og_description":"Zertifikate Aufbauend auf seinen langj\u00e4hrigen Erfahrungen im Tiefbau wagte im Mai 1990 Werner Kusch mit seinem Einzelunternehmen \u201eWerner Kusch Tiefbau- und Transport\u201c\u00a0 mit viel Enthusiasmus, einen PKW Wartburg, einem H\u00e4nger und allerlei Kleinwerkzeug den Schritt in die Selbstst\u00e4ndigkeit. Schnell wuchs das Unternehmen heran, so dass bereits im November 1991 die Gr\u00fcndung der Kusch &amp; Walter [&hellip;]","og_url":"https:\/\/kusch-walter-tiefbau.de\/kw\/index.php\/zetifikate\/","og_site_name":"Kusch Walter Tiefbau GmbH","article_modified_time":"2024-03-04T10:12:17+00:00","og_image":[{"url":"https:\/\/kusch-walter-tiefbau.de\/kw\/wp-content\/uploads\/2023\/10\/iso_9001-724x1024.jpg"}],"twitter_card":"summary_large_image","twitter_misc":{"Gesch\u00e4tzte Lesezeit":"2\u00a0Minuten"},"schema":{"@context":"https:\/\/schema.org","@graph":[{"@type":"WebPage","@id":"https:\/\/kusch-walter-tiefbau.de\/kw\/index.php\/zetifikate\/","url":"https:\/\/kusch-walter-tiefbau.de\/kw\/index.php\/zetifikate\/","name":"Zetifikate - Kusch Walter Tiefbau GmbH","isPartOf":{"@id":"https:\/\/kusch-walter-tiefbau.de\/kw\/#website"},"datePublished":"2023-10-09T18:04:22+00:00","dateModified":"2024-03-04T10:12:17+00:00","breadcrumb":{"@id":"https:\/\/kusch-walter-tiefbau.de\/kw\/index.php\/zetifikate\/#breadcrumb"},"inLanguage":"de","potentialAction":[{"@type":"ReadAction","target":["https:\/\/kusch-walter-tiefbau.de\/kw\/index.php\/zetifikate\/"]}]},{"@type":"BreadcrumbList","@id":"https:\/\/kusch-walter-tiefbau.de\/kw\/index.php\/zetifikate\/#breadcrumb","itemListElement":[{"@type":"ListItem","position":1,"name":"Startseite","item":"https:\/\/kusch-walter-tiefbau.de\/kw\/"},{"@type":"ListItem","position":2,"name":"Zetifikate"}]},{"@type":"WebSite","@id":"https:\/\/kusch-walter-tiefbau.de\/kw\/#website","url":"https:\/\/kusch-walter-tiefbau.de\/kw\/","name":"Kusch Walter Tiefbau GmbH","description":"Kabelmontagen und Elektroinstallation","publisher":{"@id":"https:\/\/kusch-walter-tiefbau.de\/kw\/#organization"},"potentialAction":[{"@type":"SearchAction","target":{"@type":"EntryPoint","urlTemplate":"https:\/\/kusch-walter-tiefbau.de\/kw\/?s={search_term_string}"},"query-input":"required name=search_term_string"}],"inLanguage":"de"},{"@type":"Organization","@id":"https:\/\/kusch-walter-tiefbau.de\/kw\/#organization","name":"Kusch Walter Tiefbau GmbH","url":"https:\/\/kusch-walter-tiefbau.de\/kw\/","logo":{"@type":"ImageObject","inLanguage":"de","@id":"https:\/\/kusch-walter-tiefbau.de\/kw\/#\/schema\/logo\/image\/","url":"https:\/\/kusch-walter-tiefbau.de\/kw\/wp-content\/uploads\/2023\/10\/cropped-logo_new_3-2.png","contentUrl":"https:\/\/kusch-walter-tiefbau.de\/kw\/wp-content\/uploads\/2023\/10\/cropped-logo_new_3-2.png","width":210,"height":112,"caption":"Kusch Walter Tiefbau GmbH"},"image":{"@id":"https:\/\/kusch-walter-tiefbau.de\/kw\/#\/schema\/logo\/image\/"}}]}},"_links":{"self":[{"href":"https:\/\/kusch-walter-tiefbau.de\/kw\/index.php\/wp-json\/wp\/v2\/pages\/61","targetHints":{"allow":["GET"]}}],"collection":[{"href":"https:\/\/kusch-walter-tiefbau.de\/kw\/index.php\/wp-json\/wp\/v2\/pages"}],"about":[{"href":"https:\/\/kusch-walter-tiefbau.de\/kw\/index.php\/wp-json\/wp\/v2\/types\/page"}],"author":[{"embeddable":true,"href":"https:\/\/kusch-walter-tiefbau.de\/kw\/index.php\/wp-json\/wp\/v2\/users\/1"}],"replies":[{"embeddable":true,"href":"https:\/\/kusch-walter-tiefbau.de\/kw\/index.php\/wp-json\/wp\/v2\/comments?post=61"}],"version-history":[{"count":14,"href":"https:\/\/kusch-walter-tiefbau.de\/kw\/index.php\/wp-json\/wp\/v2\/pages\/61\/revisions"}],"predecessor-version":[{"id":687,"href":"https:\/\/kusch-walter-tiefbau.de\/kw\/index.php\/wp-json\/wp\/v2\/pages\/61\/revisions\/687"}],"wp:attachment":[{"href":"https:\/\/kusch-walter-tiefbau.de\/kw\/index.php\/wp-json\/wp\/v2\/media?parent=61"}],"curies":[{"name":"wp","href":"https:\/\/api.w.org\/{rel}","templated":true}]}}