{"id":59,"date":"2023-10-09T18:04:22","date_gmt":"2023-10-09T18:04:22","guid":{"rendered":"https:\/\/kusch-walter-tiefbau.de\/kw\/?page_id=59"},"modified":"2023-11-05T15:02:17","modified_gmt":"2023-11-05T15:02:17","slug":"leistungen","status":"publish","type":"page","link":"https:\/\/kusch-walter-tiefbau.de\/kw\/index.php\/leistungen\/","title":{"rendered":"Leistungen"},"content":{"rendered":"\n<h2 class=\"wp-block-heading has-text-align-center has-background\" style=\"background-color:#2369e0\">Leistungen<\/h2>\n\n\n\n<p class=\"has-medium-font-size\"><\/p>\n\n\n\n<div class=\"wp-block-columns is-layout-flex wp-container-core-columns-is-layout-9d6595d7 wp-block-columns-is-layout-flex\">\n<div class=\"wp-block-column is-layout-flow wp-block-column-is-layout-flow\" style=\"flex-basis:33.33%\">\n<figure class=\"wp-block-image size-full\"><img loading=\"lazy\" decoding=\"async\" width=\"150\" height=\"150\" src=\"https:\/\/kusch-walter-tiefbau.de\/kw\/wp-content\/uploads\/2023\/10\/planung-150x150-1.jpg\" alt=\"\" class=\"wp-image-55\"\/><\/figure>\n<\/div>\n\n\n\n<div class=\"wp-block-column is-layout-flow wp-block-column-is-layout-flow\" style=\"flex-basis:66.66%\">\n<h2 class=\"wp-block-heading\">Planung<\/h2>\n\n\n\n<p>Planung und Realisierung von Hausanschl\u00fcssen als Rahmenvertragsfirma f\u00fcr Energieversorger<br \/>Planung zur Au\u00dfengestaltung von Grundst\u00fccken<br \/>Planung von Entw\u00e4sserung<\/p>\n<\/div>\n<\/div>\n\n\n\n<hr class=\"wp-block-separator has-alpha-channel-opacity\"\/>\n\n\n\n<div class=\"wp-block-columns is-layout-flex wp-container-core-columns-is-layout-9d6595d7 wp-block-columns-is-layout-flex\">\n<div class=\"wp-block-column is-layout-flow wp-block-column-is-layout-flow\" style=\"flex-basis:33.33%\">\n<figure class=\"wp-block-image size-full\"><img loading=\"lazy\" decoding=\"async\" width=\"400\" height=\"400\" src=\"https:\/\/kusch-walter-tiefbau.de\/kw\/wp-content\/uploads\/2023\/10\/2016-09-21-08.44.06-1_Furhpark04-400x400-1.jpg\" alt=\"\" class=\"wp-image-19\" srcset=\"https:\/\/kusch-walter-tiefbau.de\/kw\/wp-content\/uploads\/2023\/10\/2016-09-21-08.44.06-1_Furhpark04-400x400-1.jpg 400w, https:\/\/kusch-walter-tiefbau.de\/kw\/wp-content\/uploads\/2023\/10\/2016-09-21-08.44.06-1_Furhpark04-400x400-1-300x300.jpg 300w, https:\/\/kusch-walter-tiefbau.de\/kw\/wp-content\/uploads\/2023\/10\/2016-09-21-08.44.06-1_Furhpark04-400x400-1-150x150.jpg 150w\" sizes=\"auto, (max-width: 400px) 100vw, 400px\" \/><\/figure>\n<\/div>\n\n\n\n<div class=\"wp-block-column is-layout-flow wp-block-column-is-layout-flow\" style=\"flex-basis:66.66%\">\n<h2 class=\"wp-block-heading\">Tiefbau<\/h2>\n\n\n\n<p>Kabeltiefbau inkl. Wiederherstellung der Oberfl\u00e4chen<br \/>Tiefbauleistungen<br \/>Erdkabelverlegung<br \/>Komplette Streifenfundamente sowie Bodenplatten<br \/>Durch\u00f6rterungen (Erdrakete bis Nennweite DN65-DN175 mm)<\/p>\n<\/div>\n<\/div>\n\n\n\n<hr class=\"wp-block-separator has-alpha-channel-opacity\"\/>\n\n\n\n<div class=\"wp-block-columns is-layout-flex wp-container-core-columns-is-layout-9d6595d7 wp-block-columns-is-layout-flex\">\n<div class=\"wp-block-column is-layout-flow wp-block-column-is-layout-flow\" style=\"flex-basis:33.33%\">\n<figure class=\"wp-block-image size-full\"><img loading=\"lazy\" decoding=\"async\" width=\"400\" height=\"400\" src=\"https:\/\/kusch-walter-tiefbau.de\/kw\/wp-content\/uploads\/2023\/10\/IMG_0327-400x400-1-rotated.jpg\" alt=\"\" class=\"wp-image-44\" srcset=\"https:\/\/kusch-walter-tiefbau.de\/kw\/wp-content\/uploads\/2023\/10\/IMG_0327-400x400-1-rotated.jpg 400w, https:\/\/kusch-walter-tiefbau.de\/kw\/wp-content\/uploads\/2023\/10\/IMG_0327-400x400-1-300x300.jpg 300w, https:\/\/kusch-walter-tiefbau.de\/kw\/wp-content\/uploads\/2023\/10\/IMG_0327-400x400-1-150x150.jpg 150w\" sizes=\"auto, (max-width: 400px) 100vw, 400px\" \/><\/figure>\n<\/div>\n\n\n\n<div class=\"wp-block-column is-layout-flow wp-block-column-is-layout-flow\" style=\"flex-basis:66.66%\">\n<h2 class=\"wp-block-heading\">Pflasterarbeiten<\/h2>\n\n\n\n<p>Verarbeitung hochwertiger Stra\u00dfenbaumaterialien mit Tradition und fachlicher Kompetenz, dazu geh\u00f6ren das Setzen von Gro\u00df-, Klein- und Mosaikpflaster<br \/>Pflasterverlegung von einfachen bis klassisch-repr\u00e4sentativen Gestaltung von Grundst\u00fccken und Hofeinfahrten<\/p>\n<\/div>\n<\/div>\n\n\n\n<hr class=\"wp-block-separator has-alpha-channel-opacity\"\/>\n\n\n\n<div class=\"wp-block-columns is-layout-flex wp-container-core-columns-is-layout-9d6595d7 wp-block-columns-is-layout-flex\">\n<div class=\"wp-block-column is-layout-flow wp-block-column-is-layout-flow\" style=\"flex-basis:33.33%\">\n<figure class=\"wp-block-image size-full\"><img loading=\"lazy\" decoding=\"async\" width=\"550\" height=\"500\" src=\"https:\/\/kusch-walter-tiefbau.de\/kw\/wp-content\/uploads\/2023\/10\/2016-07-18-10.08.00-HDR-2-550x500-1.jpg\" alt=\"\" class=\"wp-image-13\" srcset=\"https:\/\/kusch-walter-tiefbau.de\/kw\/wp-content\/uploads\/2023\/10\/2016-07-18-10.08.00-HDR-2-550x500-1.jpg 550w, https:\/\/kusch-walter-tiefbau.de\/kw\/wp-content\/uploads\/2023\/10\/2016-07-18-10.08.00-HDR-2-550x500-1-300x273.jpg 300w\" sizes=\"auto, (max-width: 550px) 100vw, 550px\" \/><\/figure>\n<\/div>\n\n\n\n<div class=\"wp-block-column is-layout-flow wp-block-column-is-layout-flow\" style=\"flex-basis:66.66%\">\n<h2 class=\"wp-block-heading\">Stra\u00dfenbeleuchtung<\/h2>\n\n\n\n<p>Montage von kompletten Stra\u00dfenbeleuchtungsanlagen<\/p>\n<\/p>\n<\/p>\n<\/div>\n<\/div>\n\n\n\n<hr class=\"wp-block-separator has-alpha-channel-opacity\"\/>\n\n\n\n<div class=\"wp-block-columns is-layout-flex wp-container-core-columns-is-layout-9d6595d7 wp-block-columns-is-layout-flex\">\n<div class=\"wp-block-column is-layout-flow wp-block-column-is-layout-flow\" style=\"flex-basis:33.33%\">\n<figure class=\"wp-block-image size-full\"><img loading=\"lazy\" decoding=\"async\" width=\"150\" height=\"150\" src=\"https:\/\/kusch-walter-tiefbau.de\/kw\/wp-content\/uploads\/2023\/10\/2016-09-21-09.49.42-1-150x150-1.jpg\" alt=\"\" class=\"wp-image-24\"\/><\/figure>\n<\/div>\n\n\n\n<div class=\"wp-block-column is-layout-flow wp-block-column-is-layout-flow\" style=\"flex-basis:66.66%\">\n<h2 class=\"wp-block-heading\">Kabelmontagen<\/h2>\n\n\n\n<p>Kabelverlegung und Kabelmontagen bis 20 KV als Servicepartner der Mitnetz Strom<br \/>Planung und Realisierung von Hausanschl\u00fcssen als Rahmenvertragsfirma f\u00fcr Energieversorger<br \/>Lieferung und Montage von Betonfertigstationen, MS-Schaltanlagen und Niederspannungsverteilungen<br \/>Freileitungsmontagen<\/p>\n<\/div>\n<\/div>\n\n\n\n<hr class=\"wp-block-separator has-alpha-channel-opacity\"\/>\n\n\n\n<div class=\"wp-block-columns is-layout-flex wp-container-core-columns-is-layout-9d6595d7 wp-block-columns-is-layout-flex\">\n<div class=\"wp-block-column is-layout-flow wp-block-column-is-layout-flow\" style=\"flex-basis:33.33%\">\n<figure class=\"wp-block-image size-full\"><img loading=\"lazy\" decoding=\"async\" width=\"100\" height=\"100\" src=\"https:\/\/kusch-walter-tiefbau.de\/kw\/wp-content\/uploads\/2023\/10\/2016-07-18-10.05.21-100x100-1.jpg\" alt=\"\" class=\"wp-image-12\"\/><\/figure>\n<\/div>\n\n\n\n<div class=\"wp-block-column is-layout-flow wp-block-column-is-layout-flow\" style=\"flex-basis:66.66%\">\n<h2 class=\"wp-block-heading\">Abwasser<\/h2>\n\n\n\n<p>Erstellung von Regen- und Schmutzwasseranschl\u00fcssen<\/p>\n<\/div>\n<\/div>\n\n\n\n<hr class=\"wp-block-separator has-alpha-channel-opacity\"\/>\n","protected":false},"excerpt":{"rendered":"<p>Leistungen Planung Planung und Realisierung von Hausanschl\u00fcssen als Rahmenvertragsfirma f\u00fcr EnergieversorgerPlanung zur Au\u00dfengestaltung von Grundst\u00fcckenPlanung von Entw\u00e4sserung Tiefbau Kabeltiefbau inkl. Wiederherstellung der Oberfl\u00e4chenTiefbauleistungenErdkabelverlegungKomplette Streifenfundamente sowie BodenplattenDurch\u00f6rterungen (Erdrakete bis Nennweite DN65-DN175 mm) Pflasterarbeiten Verarbeitung hochwertiger Stra\u00dfenbaumaterialien mit Tradition und fachlicher Kompetenz, dazu geh\u00f6ren das Setzen von Gro\u00df-, Klein- und MosaikpflasterPflasterverlegung von einfachen bis klassisch-repr\u00e4sentativen Gestaltung von [&hellip;]<\/p>\n","protected":false},"author":1,"featured_media":0,"parent":0,"menu_order":0,"comment_status":"closed","ping_status":"closed","template":"","meta":{"footnotes":""},"class_list":["post-59","page","type-page","status-publish","hentry"],"yoast_head":"<!-- This site is optimized with the Yoast SEO plugin v21.5 - https:\/\/yoast.com\/wordpress\/plugins\/seo\/ -->\n<title>Leistungen - Kusch Walter Tiefbau GmbH<\/title>\n<meta name=\"robots\" content=\"index, follow, max-snippet:-1, max-image-preview:large, max-video-preview:-1\" \/>\n<link rel=\"canonical\" href=\"https:\/\/kusch-walter-tiefbau.de\/kw\/index.php\/leistungen\/\" \/>\n<meta property=\"og:locale\" content=\"de_DE\" \/>\n<meta property=\"og:type\" content=\"article\" \/>\n<meta property=\"og:title\" content=\"Leistungen - Kusch Walter Tiefbau GmbH\" \/>\n<meta property=\"og:description\" content=\"Leistungen Planung Planung und Realisierung von Hausanschl\u00fcssen als Rahmenvertragsfirma f\u00fcr EnergieversorgerPlanung zur Au\u00dfengestaltung von Grundst\u00fcckenPlanung von Entw\u00e4sserung Tiefbau Kabeltiefbau inkl. Wiederherstellung der Oberfl\u00e4chenTiefbauleistungenErdkabelverlegungKomplette Streifenfundamente sowie BodenplattenDurch\u00f6rterungen (Erdrakete bis Nennweite DN65-DN175 mm) Pflasterarbeiten Verarbeitung hochwertiger Stra\u00dfenbaumaterialien mit Tradition und fachlicher Kompetenz, dazu geh\u00f6ren das Setzen von Gro\u00df-, Klein- und MosaikpflasterPflasterverlegung von einfachen bis klassisch-repr\u00e4sentativen Gestaltung von [&hellip;]\" \/>\n<meta property=\"og:url\" content=\"https:\/\/kusch-walter-tiefbau.de\/kw\/index.php\/leistungen\/\" \/>\n<meta property=\"og:site_name\" content=\"Kusch Walter Tiefbau GmbH\" \/>\n<meta property=\"article:modified_time\" content=\"2023-11-05T15:02:17+00:00\" \/>\n<meta property=\"og:image\" content=\"https:\/\/kusch-walter-tiefbau.de\/kw\/wp-content\/uploads\/2023\/10\/planung-150x150-1.jpg\" \/>\n<meta name=\"twitter:card\" content=\"summary_large_image\" \/>\n<meta name=\"twitter:label1\" content=\"Gesch\u00e4tzte Lesezeit\" \/>\n\t<meta name=\"twitter:data1\" content=\"2\u00a0Minuten\" \/>\n<script type=\"application\/ld+json\" class=\"yoast-schema-graph\">{\"@context\":\"https:\/\/schema.org\",\"@graph\":[{\"@type\":\"WebPage\",\"@id\":\"https:\/\/kusch-walter-tiefbau.de\/kw\/index.php\/leistungen\/\",\"url\":\"https:\/\/kusch-walter-tiefbau.de\/kw\/index.php\/leistungen\/\",\"name\":\"Leistungen - Kusch Walter Tiefbau GmbH\",\"isPartOf\":{\"@id\":\"https:\/\/kusch-walter-tiefbau.de\/kw\/#website\"},\"datePublished\":\"2023-10-09T18:04:22+00:00\",\"dateModified\":\"2023-11-05T15:02:17+00:00\",\"breadcrumb\":{\"@id\":\"https:\/\/kusch-walter-tiefbau.de\/kw\/index.php\/leistungen\/#breadcrumb\"},\"inLanguage\":\"de\",\"potentialAction\":[{\"@type\":\"ReadAction\",\"target\":[\"https:\/\/kusch-walter-tiefbau.de\/kw\/index.php\/leistungen\/\"]}]},{\"@type\":\"BreadcrumbList\",\"@id\":\"https:\/\/kusch-walter-tiefbau.de\/kw\/index.php\/leistungen\/#breadcrumb\",\"itemListElement\":[{\"@type\":\"ListItem\",\"position\":1,\"name\":\"Startseite\",\"item\":\"https:\/\/kusch-walter-tiefbau.de\/kw\/\"},{\"@type\":\"ListItem\",\"position\":2,\"name\":\"Leistungen\"}]},{\"@type\":\"WebSite\",\"@id\":\"https:\/\/kusch-walter-tiefbau.de\/kw\/#website\",\"url\":\"https:\/\/kusch-walter-tiefbau.de\/kw\/\",\"name\":\"Kusch Walter Tiefbau GmbH\",\"description\":\"Kabelmontagen und Elektroinstallation\",\"publisher\":{\"@id\":\"https:\/\/kusch-walter-tiefbau.de\/kw\/#organization\"},\"potentialAction\":[{\"@type\":\"SearchAction\",\"target\":{\"@type\":\"EntryPoint\",\"urlTemplate\":\"https:\/\/kusch-walter-tiefbau.de\/kw\/?s={search_term_string}\"},\"query-input\":\"required name=search_term_string\"}],\"inLanguage\":\"de\"},{\"@type\":\"Organization\",\"@id\":\"https:\/\/kusch-walter-tiefbau.de\/kw\/#organization\",\"name\":\"Kusch Walter Tiefbau GmbH\",\"url\":\"https:\/\/kusch-walter-tiefbau.de\/kw\/\",\"logo\":{\"@type\":\"ImageObject\",\"inLanguage\":\"de\",\"@id\":\"https:\/\/kusch-walter-tiefbau.de\/kw\/#\/schema\/logo\/image\/\",\"url\":\"https:\/\/kusch-walter-tiefbau.de\/kw\/wp-content\/uploads\/2023\/10\/cropped-logo_new_3-2.png\",\"contentUrl\":\"https:\/\/kusch-walter-tiefbau.de\/kw\/wp-content\/uploads\/2023\/10\/cropped-logo_new_3-2.png\",\"width\":210,\"height\":112,\"caption\":\"Kusch Walter Tiefbau GmbH\"},\"image\":{\"@id\":\"https:\/\/kusch-walter-tiefbau.de\/kw\/#\/schema\/logo\/image\/\"}}]}<\/script>\n<!-- \/ Yoast SEO plugin. -->","yoast_head_json":{"title":"Leistungen - Kusch Walter Tiefbau GmbH","robots":{"index":"index","follow":"follow","max-snippet":"max-snippet:-1","max-image-preview":"max-image-preview:large","max-video-preview":"max-video-preview:-1"},"canonical":"https:\/\/kusch-walter-tiefbau.de\/kw\/index.php\/leistungen\/","og_locale":"de_DE","og_type":"article","og_title":"Leistungen - Kusch Walter Tiefbau GmbH","og_description":"Leistungen Planung Planung und Realisierung von Hausanschl\u00fcssen als Rahmenvertragsfirma f\u00fcr EnergieversorgerPlanung zur Au\u00dfengestaltung von Grundst\u00fcckenPlanung von Entw\u00e4sserung Tiefbau Kabeltiefbau inkl. Wiederherstellung der Oberfl\u00e4chenTiefbauleistungenErdkabelverlegungKomplette Streifenfundamente sowie BodenplattenDurch\u00f6rterungen (Erdrakete bis Nennweite DN65-DN175 mm) Pflasterarbeiten Verarbeitung hochwertiger Stra\u00dfenbaumaterialien mit Tradition und fachlicher Kompetenz, dazu geh\u00f6ren das Setzen von Gro\u00df-, Klein- und MosaikpflasterPflasterverlegung von einfachen bis klassisch-repr\u00e4sentativen Gestaltung von [&hellip;]","og_url":"https:\/\/kusch-walter-tiefbau.de\/kw\/index.php\/leistungen\/","og_site_name":"Kusch Walter Tiefbau GmbH","article_modified_time":"2023-11-05T15:02:17+00:00","og_image":[{"url":"https:\/\/kusch-walter-tiefbau.de\/kw\/wp-content\/uploads\/2023\/10\/planung-150x150-1.jpg"}],"twitter_card":"summary_large_image","twitter_misc":{"Gesch\u00e4tzte Lesezeit":"2\u00a0Minuten"},"schema":{"@context":"https:\/\/schema.org","@graph":[{"@type":"WebPage","@id":"https:\/\/kusch-walter-tiefbau.de\/kw\/index.php\/leistungen\/","url":"https:\/\/kusch-walter-tiefbau.de\/kw\/index.php\/leistungen\/","name":"Leistungen - Kusch Walter Tiefbau GmbH","isPartOf":{"@id":"https:\/\/kusch-walter-tiefbau.de\/kw\/#website"},"datePublished":"2023-10-09T18:04:22+00:00","dateModified":"2023-11-05T15:02:17+00:00","breadcrumb":{"@id":"https:\/\/kusch-walter-tiefbau.de\/kw\/index.php\/leistungen\/#breadcrumb"},"inLanguage":"de","potentialAction":[{"@type":"ReadAction","target":["https:\/\/kusch-walter-tiefbau.de\/kw\/index.php\/leistungen\/"]}]},{"@type":"BreadcrumbList","@id":"https:\/\/kusch-walter-tiefbau.de\/kw\/index.php\/leistungen\/#breadcrumb","itemListElement":[{"@type":"ListItem","position":1,"name":"Startseite","item":"https:\/\/kusch-walter-tiefbau.de\/kw\/"},{"@type":"ListItem","position":2,"name":"Leistungen"}]},{"@type":"WebSite","@id":"https:\/\/kusch-walter-tiefbau.de\/kw\/#website","url":"https:\/\/kusch-walter-tiefbau.de\/kw\/","name":"Kusch Walter Tiefbau GmbH","description":"Kabelmontagen und Elektroinstallation","publisher":{"@id":"https:\/\/kusch-walter-tiefbau.de\/kw\/#organization"},"potentialAction":[{"@type":"SearchAction","target":{"@type":"EntryPoint","urlTemplate":"https:\/\/kusch-walter-tiefbau.de\/kw\/?s={search_term_string}"},"query-input":"required name=search_term_string"}],"inLanguage":"de"},{"@type":"Organization","@id":"https:\/\/kusch-walter-tiefbau.de\/kw\/#organization","name":"Kusch Walter Tiefbau GmbH","url":"https:\/\/kusch-walter-tiefbau.de\/kw\/","logo":{"@type":"ImageObject","inLanguage":"de","@id":"https:\/\/kusch-walter-tiefbau.de\/kw\/#\/schema\/logo\/image\/","url":"https:\/\/kusch-walter-tiefbau.de\/kw\/wp-content\/uploads\/2023\/10\/cropped-logo_new_3-2.png","contentUrl":"https:\/\/kusch-walter-tiefbau.de\/kw\/wp-content\/uploads\/2023\/10\/cropped-logo_new_3-2.png","width":210,"height":112,"caption":"Kusch Walter Tiefbau GmbH"},"image":{"@id":"https:\/\/kusch-walter-tiefbau.de\/kw\/#\/schema\/logo\/image\/"}}]}},"_links":{"self":[{"href":"https:\/\/kusch-walter-tiefbau.de\/kw\/index.php\/wp-json\/wp\/v2\/pages\/59","targetHints":{"allow":["GET"]}}],"collection":[{"href":"https:\/\/kusch-walter-tiefbau.de\/kw\/index.php\/wp-json\/wp\/v2\/pages"}],"about":[{"href":"https:\/\/kusch-walter-tiefbau.de\/kw\/index.php\/wp-json\/wp\/v2\/types\/page"}],"author":[{"embeddable":true,"href":"https:\/\/kusch-walter-tiefbau.de\/kw\/index.php\/wp-json\/wp\/v2\/users\/1"}],"replies":[{"embeddable":true,"href":"https:\/\/kusch-walter-tiefbau.de\/kw\/index.php\/wp-json\/wp\/v2\/comments?post=59"}],"version-history":[{"count":25,"href":"https:\/\/kusch-walter-tiefbau.de\/kw\/index.php\/wp-json\/wp\/v2\/pages\/59\/revisions"}],"predecessor-version":[{"id":534,"href":"https:\/\/kusch-walter-tiefbau.de\/kw\/index.php\/wp-json\/wp\/v2\/pages\/59\/revisions\/534"}],"wp:attachment":[{"href":"https:\/\/kusch-walter-tiefbau.de\/kw\/index.php\/wp-json\/wp\/v2\/media?parent=59"}],"curies":[{"name":"wp","href":"https:\/\/api.w.org\/{rel}","templated":true}]}}