{"id":294,"date":"2023-10-10T12:19:29","date_gmt":"2023-10-10T12:19:29","guid":{"rendered":"https:\/\/kusch-walter-tiefbau.de\/kw\/?page_id=294"},"modified":"2023-10-10T12:19:29","modified_gmt":"2023-10-10T12:19:29","slug":"steinsetzer-m-w-d","status":"publish","type":"page","link":"https:\/\/kusch-walter-tiefbau.de\/kw\/index.php\/steinsetzer-m-w-d\/","title":{"rendered":"Steinsetzer (m\/w\/d)"},"content":{"rendered":"\n<pre class=\"wp-block-preformatted\">\n\nAufgaben:\n\n    Pflaster von Stra\u00dfen-, Wegen, Einfahrten u. Pl\u00e4tzen jedlicher Art aufnehmen und neu verlegen\n    Setzen von Borden jeglicher Art\n    Kenntnisse im Tief- u. Rohrleitungsbau\n    Schachtarbeiten\n    geregelte Arbeitszeiten\n    hoher Standard beim Arbeitsschutz\n    keine Montage\n\nProfil:\n\n    abgeschlossene Berufsausbildung\n    mehrj\u00e4hrige Berufserfahrung von Vorteil\n    Teamf\u00e4higkeit\n    F\u00fchrerscheinklasse B und von Vorteil C\n\nRahmenbedingungen:\n\n    Fr\u00fchester Eintrittstermin: SOFORT\n    Vertragsart: Vollzeit &amp; unbefristet\n    Bezahlung: TOP &amp; nach Vereinbarung\n    Urlaub: 30 Tage\n\n<\/pre>\n","protected":false},"excerpt":{"rendered":"<p>Aufgaben: Pflaster von Stra\u00dfen-, Wegen, Einfahrten u. Pl\u00e4tzen jedlicher Art aufnehmen und neu verlegen Setzen von Borden jeglicher Art Kenntnisse im Tief- u. Rohrleitungsbau Schachtarbeiten geregelte Arbeitszeiten hoher Standard beim Arbeitsschutz keine Montage Profil: abgeschlossene Berufsausbildung mehrj\u00e4hrige Berufserfahrung von Vorteil Teamf\u00e4higkeit F\u00fchrerscheinklasse B und von Vorteil C Rahmenbedingungen: Fr\u00fchester Eintrittstermin: SOFORT Vertragsart: Vollzeit &amp; unbefristet [&hellip;]<\/p>\n","protected":false},"author":1,"featured_media":0,"parent":0,"menu_order":0,"comment_status":"closed","ping_status":"closed","template":"","meta":{"footnotes":""},"class_list":["post-294","page","type-page","status-publish","hentry"],"yoast_head":"<!-- This site is optimized with the Yoast SEO plugin v21.5 - https:\/\/yoast.com\/wordpress\/plugins\/seo\/ -->\n<title>Steinsetzer (m\/w\/d) - Kusch Walter Tiefbau GmbH<\/title>\n<meta name=\"robots\" content=\"index, follow, max-snippet:-1, max-image-preview:large, max-video-preview:-1\" \/>\n<link rel=\"canonical\" href=\"https:\/\/kusch-walter-tiefbau.de\/kw\/index.php\/steinsetzer-m-w-d\/\" \/>\n<meta property=\"og:locale\" content=\"de_DE\" \/>\n<meta property=\"og:type\" content=\"article\" \/>\n<meta property=\"og:title\" content=\"Steinsetzer (m\/w\/d) - Kusch Walter Tiefbau GmbH\" \/>\n<meta property=\"og:description\" content=\"Aufgaben: Pflaster von Stra\u00dfen-, Wegen, Einfahrten u. Pl\u00e4tzen jedlicher Art aufnehmen und neu verlegen Setzen von Borden jeglicher Art Kenntnisse im Tief- u. Rohrleitungsbau Schachtarbeiten geregelte Arbeitszeiten hoher Standard beim Arbeitsschutz keine Montage Profil: abgeschlossene Berufsausbildung mehrj\u00e4hrige Berufserfahrung von Vorteil Teamf\u00e4higkeit F\u00fchrerscheinklasse B und von Vorteil C Rahmenbedingungen: Fr\u00fchester Eintrittstermin: SOFORT Vertragsart: Vollzeit &amp; unbefristet [&hellip;]\" \/>\n<meta property=\"og:url\" content=\"https:\/\/kusch-walter-tiefbau.de\/kw\/index.php\/steinsetzer-m-w-d\/\" \/>\n<meta property=\"og:site_name\" content=\"Kusch Walter Tiefbau GmbH\" \/>\n<meta name=\"twitter:card\" content=\"summary_large_image\" \/>\n<script type=\"application\/ld+json\" class=\"yoast-schema-graph\">{\"@context\":\"https:\/\/schema.org\",\"@graph\":[{\"@type\":\"WebPage\",\"@id\":\"https:\/\/kusch-walter-tiefbau.de\/kw\/index.php\/steinsetzer-m-w-d\/\",\"url\":\"https:\/\/kusch-walter-tiefbau.de\/kw\/index.php\/steinsetzer-m-w-d\/\",\"name\":\"Steinsetzer (m\/w\/d) - Kusch Walter Tiefbau GmbH\",\"isPartOf\":{\"@id\":\"https:\/\/kusch-walter-tiefbau.de\/kw\/#website\"},\"datePublished\":\"2023-10-10T12:19:29+00:00\",\"dateModified\":\"2023-10-10T12:19:29+00:00\",\"breadcrumb\":{\"@id\":\"https:\/\/kusch-walter-tiefbau.de\/kw\/index.php\/steinsetzer-m-w-d\/#breadcrumb\"},\"inLanguage\":\"de\",\"potentialAction\":[{\"@type\":\"ReadAction\",\"target\":[\"https:\/\/kusch-walter-tiefbau.de\/kw\/index.php\/steinsetzer-m-w-d\/\"]}]},{\"@type\":\"BreadcrumbList\",\"@id\":\"https:\/\/kusch-walter-tiefbau.de\/kw\/index.php\/steinsetzer-m-w-d\/#breadcrumb\",\"itemListElement\":[{\"@type\":\"ListItem\",\"position\":1,\"name\":\"Startseite\",\"item\":\"https:\/\/kusch-walter-tiefbau.de\/kw\/\"},{\"@type\":\"ListItem\",\"position\":2,\"name\":\"Steinsetzer (m\/w\/d)\"}]},{\"@type\":\"WebSite\",\"@id\":\"https:\/\/kusch-walter-tiefbau.de\/kw\/#website\",\"url\":\"https:\/\/kusch-walter-tiefbau.de\/kw\/\",\"name\":\"Kusch Walter Tiefbau GmbH\",\"description\":\"Kabelmontagen und Elektroinstallation\",\"publisher\":{\"@id\":\"https:\/\/kusch-walter-tiefbau.de\/kw\/#organization\"},\"potentialAction\":[{\"@type\":\"SearchAction\",\"target\":{\"@type\":\"EntryPoint\",\"urlTemplate\":\"https:\/\/kusch-walter-tiefbau.de\/kw\/?s={search_term_string}\"},\"query-input\":\"required name=search_term_string\"}],\"inLanguage\":\"de\"},{\"@type\":\"Organization\",\"@id\":\"https:\/\/kusch-walter-tiefbau.de\/kw\/#organization\",\"name\":\"Kusch Walter Tiefbau GmbH\",\"url\":\"https:\/\/kusch-walter-tiefbau.de\/kw\/\",\"logo\":{\"@type\":\"ImageObject\",\"inLanguage\":\"de\",\"@id\":\"https:\/\/kusch-walter-tiefbau.de\/kw\/#\/schema\/logo\/image\/\",\"url\":\"https:\/\/kusch-walter-tiefbau.de\/kw\/wp-content\/uploads\/2023\/10\/cropped-logo_new_3-2.png\",\"contentUrl\":\"https:\/\/kusch-walter-tiefbau.de\/kw\/wp-content\/uploads\/2023\/10\/cropped-logo_new_3-2.png\",\"width\":210,\"height\":112,\"caption\":\"Kusch Walter Tiefbau GmbH\"},\"image\":{\"@id\":\"https:\/\/kusch-walter-tiefbau.de\/kw\/#\/schema\/logo\/image\/\"}}]}<\/script>\n<!-- \/ Yoast SEO plugin. -->","yoast_head_json":{"title":"Steinsetzer (m\/w\/d) - Kusch Walter Tiefbau GmbH","robots":{"index":"index","follow":"follow","max-snippet":"max-snippet:-1","max-image-preview":"max-image-preview:large","max-video-preview":"max-video-preview:-1"},"canonical":"https:\/\/kusch-walter-tiefbau.de\/kw\/index.php\/steinsetzer-m-w-d\/","og_locale":"de_DE","og_type":"article","og_title":"Steinsetzer (m\/w\/d) - Kusch Walter Tiefbau GmbH","og_description":"Aufgaben: Pflaster von Stra\u00dfen-, Wegen, Einfahrten u. Pl\u00e4tzen jedlicher Art aufnehmen und neu verlegen Setzen von Borden jeglicher Art Kenntnisse im Tief- u. Rohrleitungsbau Schachtarbeiten geregelte Arbeitszeiten hoher Standard beim Arbeitsschutz keine Montage Profil: abgeschlossene Berufsausbildung mehrj\u00e4hrige Berufserfahrung von Vorteil Teamf\u00e4higkeit F\u00fchrerscheinklasse B und von Vorteil C Rahmenbedingungen: Fr\u00fchester Eintrittstermin: SOFORT Vertragsart: Vollzeit &amp; unbefristet [&hellip;]","og_url":"https:\/\/kusch-walter-tiefbau.de\/kw\/index.php\/steinsetzer-m-w-d\/","og_site_name":"Kusch Walter Tiefbau GmbH","twitter_card":"summary_large_image","schema":{"@context":"https:\/\/schema.org","@graph":[{"@type":"WebPage","@id":"https:\/\/kusch-walter-tiefbau.de\/kw\/index.php\/steinsetzer-m-w-d\/","url":"https:\/\/kusch-walter-tiefbau.de\/kw\/index.php\/steinsetzer-m-w-d\/","name":"Steinsetzer (m\/w\/d) - Kusch Walter Tiefbau GmbH","isPartOf":{"@id":"https:\/\/kusch-walter-tiefbau.de\/kw\/#website"},"datePublished":"2023-10-10T12:19:29+00:00","dateModified":"2023-10-10T12:19:29+00:00","breadcrumb":{"@id":"https:\/\/kusch-walter-tiefbau.de\/kw\/index.php\/steinsetzer-m-w-d\/#breadcrumb"},"inLanguage":"de","potentialAction":[{"@type":"ReadAction","target":["https:\/\/kusch-walter-tiefbau.de\/kw\/index.php\/steinsetzer-m-w-d\/"]}]},{"@type":"BreadcrumbList","@id":"https:\/\/kusch-walter-tiefbau.de\/kw\/index.php\/steinsetzer-m-w-d\/#breadcrumb","itemListElement":[{"@type":"ListItem","position":1,"name":"Startseite","item":"https:\/\/kusch-walter-tiefbau.de\/kw\/"},{"@type":"ListItem","position":2,"name":"Steinsetzer (m\/w\/d)"}]},{"@type":"WebSite","@id":"https:\/\/kusch-walter-tiefbau.de\/kw\/#website","url":"https:\/\/kusch-walter-tiefbau.de\/kw\/","name":"Kusch Walter Tiefbau GmbH","description":"Kabelmontagen und Elektroinstallation","publisher":{"@id":"https:\/\/kusch-walter-tiefbau.de\/kw\/#organization"},"potentialAction":[{"@type":"SearchAction","target":{"@type":"EntryPoint","urlTemplate":"https:\/\/kusch-walter-tiefbau.de\/kw\/?s={search_term_string}"},"query-input":"required name=search_term_string"}],"inLanguage":"de"},{"@type":"Organization","@id":"https:\/\/kusch-walter-tiefbau.de\/kw\/#organization","name":"Kusch Walter Tiefbau GmbH","url":"https:\/\/kusch-walter-tiefbau.de\/kw\/","logo":{"@type":"ImageObject","inLanguage":"de","@id":"https:\/\/kusch-walter-tiefbau.de\/kw\/#\/schema\/logo\/image\/","url":"https:\/\/kusch-walter-tiefbau.de\/kw\/wp-content\/uploads\/2023\/10\/cropped-logo_new_3-2.png","contentUrl":"https:\/\/kusch-walter-tiefbau.de\/kw\/wp-content\/uploads\/2023\/10\/cropped-logo_new_3-2.png","width":210,"height":112,"caption":"Kusch Walter Tiefbau GmbH"},"image":{"@id":"https:\/\/kusch-walter-tiefbau.de\/kw\/#\/schema\/logo\/image\/"}}]}},"_links":{"self":[{"href":"https:\/\/kusch-walter-tiefbau.de\/kw\/index.php\/wp-json\/wp\/v2\/pages\/294","targetHints":{"allow":["GET"]}}],"collection":[{"href":"https:\/\/kusch-walter-tiefbau.de\/kw\/index.php\/wp-json\/wp\/v2\/pages"}],"about":[{"href":"https:\/\/kusch-walter-tiefbau.de\/kw\/index.php\/wp-json\/wp\/v2\/types\/page"}],"author":[{"embeddable":true,"href":"https:\/\/kusch-walter-tiefbau.de\/kw\/index.php\/wp-json\/wp\/v2\/users\/1"}],"replies":[{"embeddable":true,"href":"https:\/\/kusch-walter-tiefbau.de\/kw\/index.php\/wp-json\/wp\/v2\/comments?post=294"}],"version-history":[{"count":1,"href":"https:\/\/kusch-walter-tiefbau.de\/kw\/index.php\/wp-json\/wp\/v2\/pages\/294\/revisions"}],"predecessor-version":[{"id":295,"href":"https:\/\/kusch-walter-tiefbau.de\/kw\/index.php\/wp-json\/wp\/v2\/pages\/294\/revisions\/295"}],"wp:attachment":[{"href":"https:\/\/kusch-walter-tiefbau.de\/kw\/index.php\/wp-json\/wp\/v2\/media?parent=294"}],"curies":[{"name":"wp","href":"https:\/\/api.w.org\/{rel}","templated":true}]}}