{"id":288,"date":"2023-10-10T12:15:57","date_gmt":"2023-10-10T12:15:57","guid":{"rendered":"https:\/\/kusch-walter-tiefbau.de\/kw\/?page_id=288"},"modified":"2023-10-10T12:18:34","modified_gmt":"2023-10-10T12:18:34","slug":"elektriker-m-w-d-kabelmonteur-m-w-d","status":"publish","type":"page","link":"https:\/\/kusch-walter-tiefbau.de\/kw\/index.php\/elektriker-m-w-d-kabelmonteur-m-w-d\/","title":{"rendered":"Elektriker (m\/w\/d) Kabelmonteur (m\/w\/d)"},"content":{"rendered":"\n<pre class=\"wp-block-preformatted\"><div id=\"hs-page\"><header id=\"hs-masthead\" class=\"hs-site-header hs-clearfix animated fadeInDown\">\n\t\t<div class=\"hs-container\">\n\t\t\t\n\t\t\t\n\t\t<h1 class=\"hs-main-title\">Elektriker (m\/w\/d) Kabelmonteur (m\/w\/d)<\/h1>\n           \n<div id=\"primary\" class=\"content-area\"><main id=\"main\" class=\"site-main\" role=\"main\"><article id=\"post-1\" class=\"post-1 post type-post status-publish format-standard has-post-thumbnail hentry category-stellenangebote\"><div class=\"entry-content\">\n\t\t<p><strong>Aufgaben:<\/strong><\/p>KabelverlegungMontieren von NS- und MS-Kabelnetzen<strong>Profil:<\/strong>abgeschlossene Berufsausbildung zum Elektriker (m\/w)Teamf\u00e4higkeit<strong><span style=\"color: #ff0000;\">F\u00fchrerscheinklasse B\n<\/span><\/strong>\n<p><strong>Rahmenbedingungen: <\/strong><\/p>\n<ul style=\"list-style-type: circle;\"><li>Fr\u00fchester Eintrittstermin: <strong><span style=\"color: #ff0000;\">SOFORT<\/span><\/strong>Vertragsart: <strong><span style=\"color: #ff0000;\">Vollzeit &amp; unbefristet\n<\/span><\/strong>40-Stunden-WocheBezahlung:\u00a0<span style=\"color: #ff0000;\"><strong>TOP &amp; nach Vereinbarung<\/strong><\/span>Urlaub: <strong><span style=\"color: #ff0000;\">30 Tage<\/span><\/strong>Sonderdpr\u00e4mieUrlaubsgeldWeiterbildung \/ Lehrg\u00e4ngegeregelte Arbeitszeitenhoher Standard beim Arbeitsschutzfamili\u00e4res UnternehmenBetriebshandyBetriebsfahrzeug<\/li><\/ul>\n<ul style=\"list-style-type: circle;\"><li><strong><span style=\"color: #ff0000;\">KEINE Montage!!!!<\/span><\/strong><\/li><\/ul>\n\t\t<\/div><\/article><\/main><\/div><\/div><\/header><\/div><\/pre>\n","protected":false},"excerpt":{"rendered":"<p>Elektriker (m\/w\/d) Kabelmonteur (m\/w\/d) Aufgaben:KabelverlegungMontieren von NS- und MS-KabelnetzenProfil:abgeschlossene Berufsausbildung zum Elektriker (m\/w)Teamf\u00e4higkeitF\u00fchrerscheinklasse B Rahmenbedingungen: Fr\u00fchester Eintrittstermin: SOFORTVertragsart: Vollzeit &amp; unbefristet 40-Stunden-WocheBezahlung:\u00a0TOP &amp; nach VereinbarungUrlaub: 30 TageSonderdpr\u00e4mieUrlaubsgeldWeiterbildung \/ Lehrg\u00e4ngegeregelte Arbeitszeitenhoher Standard beim Arbeitsschutzfamili\u00e4res UnternehmenBetriebshandyBetriebsfahrzeug KEINE Montage!!!!<\/p>\n","protected":false},"author":1,"featured_media":0,"parent":0,"menu_order":0,"comment_status":"closed","ping_status":"closed","template":"","meta":{"footnotes":""},"class_list":["post-288","page","type-page","status-publish","hentry"],"yoast_head":"<!-- This site is optimized with the Yoast SEO plugin v21.5 - https:\/\/yoast.com\/wordpress\/plugins\/seo\/ -->\n<title>Elektriker (m\/w\/d) Kabelmonteur (m\/w\/d) - Kusch Walter Tiefbau GmbH<\/title>\n<meta name=\"robots\" content=\"index, follow, max-snippet:-1, max-image-preview:large, max-video-preview:-1\" \/>\n<link rel=\"canonical\" href=\"https:\/\/kusch-walter-tiefbau.de\/kw\/index.php\/elektriker-m-w-d-kabelmonteur-m-w-d\/\" \/>\n<meta property=\"og:locale\" content=\"de_DE\" \/>\n<meta property=\"og:type\" content=\"article\" \/>\n<meta property=\"og:title\" content=\"Elektriker (m\/w\/d) Kabelmonteur (m\/w\/d) - Kusch Walter Tiefbau GmbH\" \/>\n<meta property=\"og:description\" content=\"Elektriker (m\/w\/d) Kabelmonteur (m\/w\/d) Aufgaben:KabelverlegungMontieren von NS- und MS-KabelnetzenProfil:abgeschlossene Berufsausbildung zum Elektriker (m\/w)Teamf\u00e4higkeitF\u00fchrerscheinklasse B Rahmenbedingungen: Fr\u00fchester Eintrittstermin: SOFORTVertragsart: Vollzeit &amp; unbefristet 40-Stunden-WocheBezahlung:\u00a0TOP &amp; nach VereinbarungUrlaub: 30 TageSonderdpr\u00e4mieUrlaubsgeldWeiterbildung \/ Lehrg\u00e4ngegeregelte Arbeitszeitenhoher Standard beim Arbeitsschutzfamili\u00e4res UnternehmenBetriebshandyBetriebsfahrzeug KEINE Montage!!!!\" \/>\n<meta property=\"og:url\" content=\"https:\/\/kusch-walter-tiefbau.de\/kw\/index.php\/elektriker-m-w-d-kabelmonteur-m-w-d\/\" \/>\n<meta property=\"og:site_name\" content=\"Kusch Walter Tiefbau GmbH\" \/>\n<meta property=\"article:modified_time\" content=\"2023-10-10T12:18:34+00:00\" \/>\n<meta name=\"twitter:card\" content=\"summary_large_image\" \/>\n<script type=\"application\/ld+json\" class=\"yoast-schema-graph\">{\"@context\":\"https:\/\/schema.org\",\"@graph\":[{\"@type\":\"WebPage\",\"@id\":\"https:\/\/kusch-walter-tiefbau.de\/kw\/index.php\/elektriker-m-w-d-kabelmonteur-m-w-d\/\",\"url\":\"https:\/\/kusch-walter-tiefbau.de\/kw\/index.php\/elektriker-m-w-d-kabelmonteur-m-w-d\/\",\"name\":\"Elektriker (m\/w\/d) Kabelmonteur (m\/w\/d) - Kusch Walter Tiefbau GmbH\",\"isPartOf\":{\"@id\":\"https:\/\/kusch-walter-tiefbau.de\/kw\/#website\"},\"datePublished\":\"2023-10-10T12:15:57+00:00\",\"dateModified\":\"2023-10-10T12:18:34+00:00\",\"breadcrumb\":{\"@id\":\"https:\/\/kusch-walter-tiefbau.de\/kw\/index.php\/elektriker-m-w-d-kabelmonteur-m-w-d\/#breadcrumb\"},\"inLanguage\":\"de\",\"potentialAction\":[{\"@type\":\"ReadAction\",\"target\":[\"https:\/\/kusch-walter-tiefbau.de\/kw\/index.php\/elektriker-m-w-d-kabelmonteur-m-w-d\/\"]}]},{\"@type\":\"BreadcrumbList\",\"@id\":\"https:\/\/kusch-walter-tiefbau.de\/kw\/index.php\/elektriker-m-w-d-kabelmonteur-m-w-d\/#breadcrumb\",\"itemListElement\":[{\"@type\":\"ListItem\",\"position\":1,\"name\":\"Startseite\",\"item\":\"https:\/\/kusch-walter-tiefbau.de\/kw\/\"},{\"@type\":\"ListItem\",\"position\":2,\"name\":\"Elektriker (m\/w\/d) Kabelmonteur (m\/w\/d)\"}]},{\"@type\":\"WebSite\",\"@id\":\"https:\/\/kusch-walter-tiefbau.de\/kw\/#website\",\"url\":\"https:\/\/kusch-walter-tiefbau.de\/kw\/\",\"name\":\"Kusch Walter Tiefbau GmbH\",\"description\":\"Kabelmontagen und Elektroinstallation\",\"publisher\":{\"@id\":\"https:\/\/kusch-walter-tiefbau.de\/kw\/#organization\"},\"potentialAction\":[{\"@type\":\"SearchAction\",\"target\":{\"@type\":\"EntryPoint\",\"urlTemplate\":\"https:\/\/kusch-walter-tiefbau.de\/kw\/?s={search_term_string}\"},\"query-input\":\"required name=search_term_string\"}],\"inLanguage\":\"de\"},{\"@type\":\"Organization\",\"@id\":\"https:\/\/kusch-walter-tiefbau.de\/kw\/#organization\",\"name\":\"Kusch Walter Tiefbau GmbH\",\"url\":\"https:\/\/kusch-walter-tiefbau.de\/kw\/\",\"logo\":{\"@type\":\"ImageObject\",\"inLanguage\":\"de\",\"@id\":\"https:\/\/kusch-walter-tiefbau.de\/kw\/#\/schema\/logo\/image\/\",\"url\":\"https:\/\/kusch-walter-tiefbau.de\/kw\/wp-content\/uploads\/2023\/10\/cropped-logo_new_3-2.png\",\"contentUrl\":\"https:\/\/kusch-walter-tiefbau.de\/kw\/wp-content\/uploads\/2023\/10\/cropped-logo_new_3-2.png\",\"width\":210,\"height\":112,\"caption\":\"Kusch Walter Tiefbau GmbH\"},\"image\":{\"@id\":\"https:\/\/kusch-walter-tiefbau.de\/kw\/#\/schema\/logo\/image\/\"}}]}<\/script>\n<!-- \/ Yoast SEO plugin. -->","yoast_head_json":{"title":"Elektriker (m\/w\/d) Kabelmonteur (m\/w\/d) - Kusch Walter Tiefbau GmbH","robots":{"index":"index","follow":"follow","max-snippet":"max-snippet:-1","max-image-preview":"max-image-preview:large","max-video-preview":"max-video-preview:-1"},"canonical":"https:\/\/kusch-walter-tiefbau.de\/kw\/index.php\/elektriker-m-w-d-kabelmonteur-m-w-d\/","og_locale":"de_DE","og_type":"article","og_title":"Elektriker (m\/w\/d) Kabelmonteur (m\/w\/d) - Kusch Walter Tiefbau GmbH","og_description":"Elektriker (m\/w\/d) Kabelmonteur (m\/w\/d) Aufgaben:KabelverlegungMontieren von NS- und MS-KabelnetzenProfil:abgeschlossene Berufsausbildung zum Elektriker (m\/w)Teamf\u00e4higkeitF\u00fchrerscheinklasse B Rahmenbedingungen: Fr\u00fchester Eintrittstermin: SOFORTVertragsart: Vollzeit &amp; unbefristet 40-Stunden-WocheBezahlung:\u00a0TOP &amp; nach VereinbarungUrlaub: 30 TageSonderdpr\u00e4mieUrlaubsgeldWeiterbildung \/ Lehrg\u00e4ngegeregelte Arbeitszeitenhoher Standard beim Arbeitsschutzfamili\u00e4res UnternehmenBetriebshandyBetriebsfahrzeug KEINE Montage!!!!","og_url":"https:\/\/kusch-walter-tiefbau.de\/kw\/index.php\/elektriker-m-w-d-kabelmonteur-m-w-d\/","og_site_name":"Kusch Walter Tiefbau GmbH","article_modified_time":"2023-10-10T12:18:34+00:00","twitter_card":"summary_large_image","schema":{"@context":"https:\/\/schema.org","@graph":[{"@type":"WebPage","@id":"https:\/\/kusch-walter-tiefbau.de\/kw\/index.php\/elektriker-m-w-d-kabelmonteur-m-w-d\/","url":"https:\/\/kusch-walter-tiefbau.de\/kw\/index.php\/elektriker-m-w-d-kabelmonteur-m-w-d\/","name":"Elektriker (m\/w\/d) Kabelmonteur (m\/w\/d) - Kusch Walter Tiefbau GmbH","isPartOf":{"@id":"https:\/\/kusch-walter-tiefbau.de\/kw\/#website"},"datePublished":"2023-10-10T12:15:57+00:00","dateModified":"2023-10-10T12:18:34+00:00","breadcrumb":{"@id":"https:\/\/kusch-walter-tiefbau.de\/kw\/index.php\/elektriker-m-w-d-kabelmonteur-m-w-d\/#breadcrumb"},"inLanguage":"de","potentialAction":[{"@type":"ReadAction","target":["https:\/\/kusch-walter-tiefbau.de\/kw\/index.php\/elektriker-m-w-d-kabelmonteur-m-w-d\/"]}]},{"@type":"BreadcrumbList","@id":"https:\/\/kusch-walter-tiefbau.de\/kw\/index.php\/elektriker-m-w-d-kabelmonteur-m-w-d\/#breadcrumb","itemListElement":[{"@type":"ListItem","position":1,"name":"Startseite","item":"https:\/\/kusch-walter-tiefbau.de\/kw\/"},{"@type":"ListItem","position":2,"name":"Elektriker (m\/w\/d) Kabelmonteur (m\/w\/d)"}]},{"@type":"WebSite","@id":"https:\/\/kusch-walter-tiefbau.de\/kw\/#website","url":"https:\/\/kusch-walter-tiefbau.de\/kw\/","name":"Kusch Walter Tiefbau GmbH","description":"Kabelmontagen und Elektroinstallation","publisher":{"@id":"https:\/\/kusch-walter-tiefbau.de\/kw\/#organization"},"potentialAction":[{"@type":"SearchAction","target":{"@type":"EntryPoint","urlTemplate":"https:\/\/kusch-walter-tiefbau.de\/kw\/?s={search_term_string}"},"query-input":"required name=search_term_string"}],"inLanguage":"de"},{"@type":"Organization","@id":"https:\/\/kusch-walter-tiefbau.de\/kw\/#organization","name":"Kusch Walter Tiefbau GmbH","url":"https:\/\/kusch-walter-tiefbau.de\/kw\/","logo":{"@type":"ImageObject","inLanguage":"de","@id":"https:\/\/kusch-walter-tiefbau.de\/kw\/#\/schema\/logo\/image\/","url":"https:\/\/kusch-walter-tiefbau.de\/kw\/wp-content\/uploads\/2023\/10\/cropped-logo_new_3-2.png","contentUrl":"https:\/\/kusch-walter-tiefbau.de\/kw\/wp-content\/uploads\/2023\/10\/cropped-logo_new_3-2.png","width":210,"height":112,"caption":"Kusch Walter Tiefbau GmbH"},"image":{"@id":"https:\/\/kusch-walter-tiefbau.de\/kw\/#\/schema\/logo\/image\/"}}]}},"_links":{"self":[{"href":"https:\/\/kusch-walter-tiefbau.de\/kw\/index.php\/wp-json\/wp\/v2\/pages\/288","targetHints":{"allow":["GET"]}}],"collection":[{"href":"https:\/\/kusch-walter-tiefbau.de\/kw\/index.php\/wp-json\/wp\/v2\/pages"}],"about":[{"href":"https:\/\/kusch-walter-tiefbau.de\/kw\/index.php\/wp-json\/wp\/v2\/types\/page"}],"author":[{"embeddable":true,"href":"https:\/\/kusch-walter-tiefbau.de\/kw\/index.php\/wp-json\/wp\/v2\/users\/1"}],"replies":[{"embeddable":true,"href":"https:\/\/kusch-walter-tiefbau.de\/kw\/index.php\/wp-json\/wp\/v2\/comments?post=288"}],"version-history":[{"count":3,"href":"https:\/\/kusch-walter-tiefbau.de\/kw\/index.php\/wp-json\/wp\/v2\/pages\/288\/revisions"}],"predecessor-version":[{"id":293,"href":"https:\/\/kusch-walter-tiefbau.de\/kw\/index.php\/wp-json\/wp\/v2\/pages\/288\/revisions\/293"}],"wp:attachment":[{"href":"https:\/\/kusch-walter-tiefbau.de\/kw\/index.php\/wp-json\/wp\/v2\/media?parent=288"}],"curies":[{"name":"wp","href":"https:\/\/api.w.org\/{rel}","templated":true}]}}