{"id":286,"date":"2023-10-10T12:13:24","date_gmt":"2023-10-10T12:13:24","guid":{"rendered":"https:\/\/kusch-walter-tiefbau.de\/kw\/?page_id=286"},"modified":"2023-10-10T12:13:25","modified_gmt":"2023-10-10T12:13:25","slug":"baumaschinist-lkw-fahrer-m-w-d","status":"publish","type":"page","link":"https:\/\/kusch-walter-tiefbau.de\/kw\/index.php\/baumaschinist-lkw-fahrer-m-w-d\/","title":{"rendered":"Baumaschinist &amp; LKW Fahrer (m\/w\/d)"},"content":{"rendered":"\n<pre class=\"wp-block-preformatted\"><div id=\"hs-page\"><div id=\"hs-content\" class=\"hs-site-content hs-clearfix\"><div class=\"hs-container\"><div id=\"primary\" class=\"content-area\"><main id=\"main\" class=\"site-main\" role=\"main\"><article id=\"post-40\" class=\"post-40 post type-post status-publish format-standard has-post-thumbnail hentry category-stellenangebote\"><div class=\"entry-content\"><p>f\u00fcr Tiefbauarbeiten<\/p><p class=\"content_text\"><strong>Aufgaben:<\/strong><li>Baugruben, Gr\u00e4ben herstellenDrainagearbeiten, RohrverlegungErdbewegungsarbeitenErdverdichtungsger\u00e4teKabelleitungsbauMinibaggergeregelte Arbeitszeitenhoher Standard beim Arbeitsschutzkeine MontageFortbildungsm\u00f6glichkeiten<\/li><strong>Profil:<\/strong><li>abgeschlossene Berufsausbildungmehrj\u00e4hrige Berufserfahrung von VorteilTeamf\u00e4higkeit<strong><span style=\"color: #ff0000;\">F\u00fchrerscheinklasse B und von Vorteil C<\/span><\/strong><\/li><strong>Rahmenbedingungen:<\/strong><li>Fr\u00fchester Eintrittstermin: <strong><span style=\"color: #ff0000;\">SOFORT<\/span><\/strong>Vertragsart: <strong><span style=\"color: #ff0000;\">Vollzeit &amp; unbefristet<\/span><\/strong>Bezahlung:\u00a0<span style=\"color: #ff0000;\"><strong>TOP &amp; nach Vereinbarung<\/strong><\/span>Urlaub: <strong><span style=\"color: #ff0000;\">30 Tage<\/span><\/strong><\/li><\/p><\/div><\/article><\/main><\/div><\/div><\/div><\/div>\n\n\n\n\n\n<\/pre>\n","protected":false},"excerpt":{"rendered":"<p>f\u00fcr TiefbauarbeitenAufgaben:Baugruben, Gr\u00e4ben herstellenDrainagearbeiten, RohrverlegungErdbewegungsarbeitenErdverdichtungsger\u00e4teKabelleitungsbauMinibaggergeregelte Arbeitszeitenhoher Standard beim Arbeitsschutzkeine MontageFortbildungsm\u00f6glichkeitenProfil:abgeschlossene Berufsausbildungmehrj\u00e4hrige Berufserfahrung von VorteilTeamf\u00e4higkeitF\u00fchrerscheinklasse B und von Vorteil CRahmenbedingungen:Fr\u00fchester Eintrittstermin: SOFORTVertragsart: Vollzeit &amp; unbefristetBezahlung:\u00a0TOP &amp; nach VereinbarungUrlaub: 30 Tage<\/p>\n","protected":false},"author":1,"featured_media":0,"parent":0,"menu_order":0,"comment_status":"closed","ping_status":"closed","template":"","meta":{"footnotes":""},"class_list":["post-286","page","type-page","status-publish","hentry"],"yoast_head":"<!-- This site is optimized with the Yoast SEO plugin v21.5 - https:\/\/yoast.com\/wordpress\/plugins\/seo\/ -->\n<title>Baumaschinist &amp; LKW Fahrer (m\/w\/d) - Kusch Walter Tiefbau GmbH<\/title>\n<meta name=\"robots\" content=\"index, follow, max-snippet:-1, max-image-preview:large, max-video-preview:-1\" \/>\n<link rel=\"canonical\" href=\"https:\/\/kusch-walter-tiefbau.de\/kw\/index.php\/baumaschinist-lkw-fahrer-m-w-d\/\" \/>\n<meta property=\"og:locale\" content=\"de_DE\" \/>\n<meta property=\"og:type\" content=\"article\" \/>\n<meta property=\"og:title\" content=\"Baumaschinist &amp; LKW Fahrer (m\/w\/d) - Kusch Walter Tiefbau GmbH\" \/>\n<meta property=\"og:description\" content=\"f\u00fcr TiefbauarbeitenAufgaben:Baugruben, Gr\u00e4ben herstellenDrainagearbeiten, RohrverlegungErdbewegungsarbeitenErdverdichtungsger\u00e4teKabelleitungsbauMinibaggergeregelte Arbeitszeitenhoher Standard beim Arbeitsschutzkeine MontageFortbildungsm\u00f6glichkeitenProfil:abgeschlossene Berufsausbildungmehrj\u00e4hrige Berufserfahrung von VorteilTeamf\u00e4higkeitF\u00fchrerscheinklasse B und von Vorteil CRahmenbedingungen:Fr\u00fchester Eintrittstermin: SOFORTVertragsart: Vollzeit &amp; unbefristetBezahlung:\u00a0TOP &amp; nach VereinbarungUrlaub: 30 Tage\" \/>\n<meta property=\"og:url\" content=\"https:\/\/kusch-walter-tiefbau.de\/kw\/index.php\/baumaschinist-lkw-fahrer-m-w-d\/\" \/>\n<meta property=\"og:site_name\" content=\"Kusch Walter Tiefbau GmbH\" \/>\n<meta property=\"article:modified_time\" content=\"2023-10-10T12:13:25+00:00\" \/>\n<meta name=\"twitter:card\" content=\"summary_large_image\" \/>\n<script type=\"application\/ld+json\" class=\"yoast-schema-graph\">{\"@context\":\"https:\/\/schema.org\",\"@graph\":[{\"@type\":\"WebPage\",\"@id\":\"https:\/\/kusch-walter-tiefbau.de\/kw\/index.php\/baumaschinist-lkw-fahrer-m-w-d\/\",\"url\":\"https:\/\/kusch-walter-tiefbau.de\/kw\/index.php\/baumaschinist-lkw-fahrer-m-w-d\/\",\"name\":\"Baumaschinist &amp; LKW Fahrer (m\/w\/d) - Kusch Walter Tiefbau GmbH\",\"isPartOf\":{\"@id\":\"https:\/\/kusch-walter-tiefbau.de\/kw\/#website\"},\"datePublished\":\"2023-10-10T12:13:24+00:00\",\"dateModified\":\"2023-10-10T12:13:25+00:00\",\"breadcrumb\":{\"@id\":\"https:\/\/kusch-walter-tiefbau.de\/kw\/index.php\/baumaschinist-lkw-fahrer-m-w-d\/#breadcrumb\"},\"inLanguage\":\"de\",\"potentialAction\":[{\"@type\":\"ReadAction\",\"target\":[\"https:\/\/kusch-walter-tiefbau.de\/kw\/index.php\/baumaschinist-lkw-fahrer-m-w-d\/\"]}]},{\"@type\":\"BreadcrumbList\",\"@id\":\"https:\/\/kusch-walter-tiefbau.de\/kw\/index.php\/baumaschinist-lkw-fahrer-m-w-d\/#breadcrumb\",\"itemListElement\":[{\"@type\":\"ListItem\",\"position\":1,\"name\":\"Startseite\",\"item\":\"https:\/\/kusch-walter-tiefbau.de\/kw\/\"},{\"@type\":\"ListItem\",\"position\":2,\"name\":\"Baumaschinist &amp; LKW Fahrer (m\/w\/d)\"}]},{\"@type\":\"WebSite\",\"@id\":\"https:\/\/kusch-walter-tiefbau.de\/kw\/#website\",\"url\":\"https:\/\/kusch-walter-tiefbau.de\/kw\/\",\"name\":\"Kusch Walter Tiefbau GmbH\",\"description\":\"Kabelmontagen und Elektroinstallation\",\"publisher\":{\"@id\":\"https:\/\/kusch-walter-tiefbau.de\/kw\/#organization\"},\"potentialAction\":[{\"@type\":\"SearchAction\",\"target\":{\"@type\":\"EntryPoint\",\"urlTemplate\":\"https:\/\/kusch-walter-tiefbau.de\/kw\/?s={search_term_string}\"},\"query-input\":\"required name=search_term_string\"}],\"inLanguage\":\"de\"},{\"@type\":\"Organization\",\"@id\":\"https:\/\/kusch-walter-tiefbau.de\/kw\/#organization\",\"name\":\"Kusch Walter Tiefbau GmbH\",\"url\":\"https:\/\/kusch-walter-tiefbau.de\/kw\/\",\"logo\":{\"@type\":\"ImageObject\",\"inLanguage\":\"de\",\"@id\":\"https:\/\/kusch-walter-tiefbau.de\/kw\/#\/schema\/logo\/image\/\",\"url\":\"https:\/\/kusch-walter-tiefbau.de\/kw\/wp-content\/uploads\/2023\/10\/cropped-logo_new_3-2.png\",\"contentUrl\":\"https:\/\/kusch-walter-tiefbau.de\/kw\/wp-content\/uploads\/2023\/10\/cropped-logo_new_3-2.png\",\"width\":210,\"height\":112,\"caption\":\"Kusch Walter Tiefbau GmbH\"},\"image\":{\"@id\":\"https:\/\/kusch-walter-tiefbau.de\/kw\/#\/schema\/logo\/image\/\"}}]}<\/script>\n<!-- \/ Yoast SEO plugin. -->","yoast_head_json":{"title":"Baumaschinist &amp; LKW Fahrer (m\/w\/d) - Kusch Walter Tiefbau GmbH","robots":{"index":"index","follow":"follow","max-snippet":"max-snippet:-1","max-image-preview":"max-image-preview:large","max-video-preview":"max-video-preview:-1"},"canonical":"https:\/\/kusch-walter-tiefbau.de\/kw\/index.php\/baumaschinist-lkw-fahrer-m-w-d\/","og_locale":"de_DE","og_type":"article","og_title":"Baumaschinist &amp; LKW Fahrer (m\/w\/d) - Kusch Walter Tiefbau GmbH","og_description":"f\u00fcr TiefbauarbeitenAufgaben:Baugruben, Gr\u00e4ben herstellenDrainagearbeiten, RohrverlegungErdbewegungsarbeitenErdverdichtungsger\u00e4teKabelleitungsbauMinibaggergeregelte Arbeitszeitenhoher Standard beim Arbeitsschutzkeine MontageFortbildungsm\u00f6glichkeitenProfil:abgeschlossene Berufsausbildungmehrj\u00e4hrige Berufserfahrung von VorteilTeamf\u00e4higkeitF\u00fchrerscheinklasse B und von Vorteil CRahmenbedingungen:Fr\u00fchester Eintrittstermin: SOFORTVertragsart: Vollzeit &amp; unbefristetBezahlung:\u00a0TOP &amp; nach VereinbarungUrlaub: 30 Tage","og_url":"https:\/\/kusch-walter-tiefbau.de\/kw\/index.php\/baumaschinist-lkw-fahrer-m-w-d\/","og_site_name":"Kusch Walter Tiefbau GmbH","article_modified_time":"2023-10-10T12:13:25+00:00","twitter_card":"summary_large_image","schema":{"@context":"https:\/\/schema.org","@graph":[{"@type":"WebPage","@id":"https:\/\/kusch-walter-tiefbau.de\/kw\/index.php\/baumaschinist-lkw-fahrer-m-w-d\/","url":"https:\/\/kusch-walter-tiefbau.de\/kw\/index.php\/baumaschinist-lkw-fahrer-m-w-d\/","name":"Baumaschinist &amp; LKW Fahrer (m\/w\/d) - Kusch Walter Tiefbau GmbH","isPartOf":{"@id":"https:\/\/kusch-walter-tiefbau.de\/kw\/#website"},"datePublished":"2023-10-10T12:13:24+00:00","dateModified":"2023-10-10T12:13:25+00:00","breadcrumb":{"@id":"https:\/\/kusch-walter-tiefbau.de\/kw\/index.php\/baumaschinist-lkw-fahrer-m-w-d\/#breadcrumb"},"inLanguage":"de","potentialAction":[{"@type":"ReadAction","target":["https:\/\/kusch-walter-tiefbau.de\/kw\/index.php\/baumaschinist-lkw-fahrer-m-w-d\/"]}]},{"@type":"BreadcrumbList","@id":"https:\/\/kusch-walter-tiefbau.de\/kw\/index.php\/baumaschinist-lkw-fahrer-m-w-d\/#breadcrumb","itemListElement":[{"@type":"ListItem","position":1,"name":"Startseite","item":"https:\/\/kusch-walter-tiefbau.de\/kw\/"},{"@type":"ListItem","position":2,"name":"Baumaschinist &amp; LKW Fahrer (m\/w\/d)"}]},{"@type":"WebSite","@id":"https:\/\/kusch-walter-tiefbau.de\/kw\/#website","url":"https:\/\/kusch-walter-tiefbau.de\/kw\/","name":"Kusch Walter Tiefbau GmbH","description":"Kabelmontagen und Elektroinstallation","publisher":{"@id":"https:\/\/kusch-walter-tiefbau.de\/kw\/#organization"},"potentialAction":[{"@type":"SearchAction","target":{"@type":"EntryPoint","urlTemplate":"https:\/\/kusch-walter-tiefbau.de\/kw\/?s={search_term_string}"},"query-input":"required name=search_term_string"}],"inLanguage":"de"},{"@type":"Organization","@id":"https:\/\/kusch-walter-tiefbau.de\/kw\/#organization","name":"Kusch Walter Tiefbau GmbH","url":"https:\/\/kusch-walter-tiefbau.de\/kw\/","logo":{"@type":"ImageObject","inLanguage":"de","@id":"https:\/\/kusch-walter-tiefbau.de\/kw\/#\/schema\/logo\/image\/","url":"https:\/\/kusch-walter-tiefbau.de\/kw\/wp-content\/uploads\/2023\/10\/cropped-logo_new_3-2.png","contentUrl":"https:\/\/kusch-walter-tiefbau.de\/kw\/wp-content\/uploads\/2023\/10\/cropped-logo_new_3-2.png","width":210,"height":112,"caption":"Kusch Walter Tiefbau GmbH"},"image":{"@id":"https:\/\/kusch-walter-tiefbau.de\/kw\/#\/schema\/logo\/image\/"}}]}},"_links":{"self":[{"href":"https:\/\/kusch-walter-tiefbau.de\/kw\/index.php\/wp-json\/wp\/v2\/pages\/286","targetHints":{"allow":["GET"]}}],"collection":[{"href":"https:\/\/kusch-walter-tiefbau.de\/kw\/index.php\/wp-json\/wp\/v2\/pages"}],"about":[{"href":"https:\/\/kusch-walter-tiefbau.de\/kw\/index.php\/wp-json\/wp\/v2\/types\/page"}],"author":[{"embeddable":true,"href":"https:\/\/kusch-walter-tiefbau.de\/kw\/index.php\/wp-json\/wp\/v2\/users\/1"}],"replies":[{"embeddable":true,"href":"https:\/\/kusch-walter-tiefbau.de\/kw\/index.php\/wp-json\/wp\/v2\/comments?post=286"}],"version-history":[{"count":1,"href":"https:\/\/kusch-walter-tiefbau.de\/kw\/index.php\/wp-json\/wp\/v2\/pages\/286\/revisions"}],"predecessor-version":[{"id":287,"href":"https:\/\/kusch-walter-tiefbau.de\/kw\/index.php\/wp-json\/wp\/v2\/pages\/286\/revisions\/287"}],"wp:attachment":[{"href":"https:\/\/kusch-walter-tiefbau.de\/kw\/index.php\/wp-json\/wp\/v2\/media?parent=286"}],"curies":[{"name":"wp","href":"https:\/\/api.w.org\/{rel}","templated":true}]}}